{"id":81,"date":"2014-04-21T10:39:27","date_gmt":"2014-04-21T08:39:27","guid":{"rendered":"http:\/\/industriekaufmann24.de.w011ba66.kasserver.com\/buerokaufmann24.de\/?page_id=81"},"modified":"2014-07-08T11:44:31","modified_gmt":"2014-07-08T09:44:31","slug":"ausbildungsverguetung","status":"publish","type":"page","link":"https:\/\/buerokaufmann24.de\/?page_id=81","title":{"rendered":"Ausbildungsverg\u00fctung"},"content":{"rendered":"<p><span style=\"font-size: medium;\">Das erste eigene Geld? Nach der langen Zeit der Abh\u00e4ngigkeit von den Eltern ist f\u00fcr viele Bewerber und Auszubildende\u00a0die\u00a0Ausbildungsverg\u00fctung ein weiterer Meilenstein zur finanziellen Unabh\u00e4ngigkeit.<\/span><\/p>\n<p><span style=\"font-size: medium;\">Die H\u00f6he der Ausbildungsverg\u00fctung ist dabei nicht gesetzlich, sondern meist tarifvertraglich festgelegt. Das bedeutet, dass die Ausbildungsverg\u00fctung je nach Region und Branche unterschiedlich ausfallen kann. Zur allgemeinen Orientierung erhebt das Bundesinstitut f\u00fcr Berufsbildung Durchschnittswerte f\u00fcr die monatliche Ausbildungsverg\u00fctung von Industriekaufleuten (brutto, d. h. vor dem Abzug von Sozialversicherungsbeit\u00e4gen und ggf. Steuer):<\/span><\/p>\n<p>Alte Bundesl\u00e4nder:<\/p>\n<ol>\n<li>AusBildungsjahr: 772,00 \u20ac<\/li>\n<li>Ausbildungsjahr: 836,00 \u20ac<\/li>\n<li>Ausbildungsjahr: 915,00 \u20ac<\/li>\n<\/ol>\n<p>Neue Bundesl\u00e4nder:<\/p>\n<ol>\n<li>Ausbildungsjahr: 693,00 \u20ac<\/li>\n<li>Ausbildungsjahr: 758,00 \u20ac<\/li>\n<li>Ausbildungsjahr: 839,00 \u20ac<\/li>\n<\/ol>\n<p>(Quelle: BIBB, 2012)<\/p>\n<p>&nbsp;<\/p>\n<p><span style=\"font-size: medium;\"><strong>Unser Tipp: <\/strong>\u00a0Betrachten Sie bei der Berufswahl nicht nur die H\u00f6he der\u00a0Ausbildungsverg\u00fctung, sondern zus\u00e4tzlich die Einkommenschancen der jeweiligen Berufe!<\/span><\/p>\n","protected":false},"excerpt":{"rendered":"<p>Das erste eigene Geld? Nach der langen Zeit der Abh\u00e4ngigkeit von den Eltern ist f\u00fcr viele Bewerber und Auszubildende\u00a0die\u00a0Ausbildungsverg\u00fctung ein weiterer Meilenstein zur finanziellen Unabh\u00e4ngigkeit. Die H\u00f6he der Ausbildungsverg\u00fctung ist dabei nicht gesetzlich, sondern meist tarifvertraglich festgelegt. Das bedeutet, dass die Ausbildungsverg\u00fctung je nach Region und Branche unterschiedlich ausfallen kann. Zur allgemeinen Orientierung erhebt das [&hellip;]<\/p>\n","protected":false},"author":1,"featured_media":0,"parent":15,"menu_order":10,"comment_status":"closed","ping_status":"closed","template":"","meta":{"footnotes":""},"class_list":["post-81","page","type-page","status-publish","hentry"],"_links":{"self":[{"href":"https:\/\/buerokaufmann24.de\/index.php?rest_route=\/wp\/v2\/pages\/81","targetHints":{"allow":["GET"]}}],"collection":[{"href":"https:\/\/buerokaufmann24.de\/index.php?rest_route=\/wp\/v2\/pages"}],"about":[{"href":"https:\/\/buerokaufmann24.de\/index.php?rest_route=\/wp\/v2\/types\/page"}],"author":[{"embeddable":true,"href":"https:\/\/buerokaufmann24.de\/index.php?rest_route=\/wp\/v2\/users\/1"}],"replies":[{"embeddable":true,"href":"https:\/\/buerokaufmann24.de\/index.php?rest_route=%2Fwp%2Fv2%2Fcomments&post=81"}],"version-history":[{"count":5,"href":"https:\/\/buerokaufmann24.de\/index.php?rest_route=\/wp\/v2\/pages\/81\/revisions"}],"predecessor-version":[{"id":226,"href":"https:\/\/buerokaufmann24.de\/index.php?rest_route=\/wp\/v2\/pages\/81\/revisions\/226"}],"up":[{"embeddable":true,"href":"https:\/\/buerokaufmann24.de\/index.php?rest_route=\/wp\/v2\/pages\/15"}],"wp:attachment":[{"href":"https:\/\/buerokaufmann24.de\/index.php?rest_route=%2Fwp%2Fv2%2Fmedia&parent=81"}],"curies":[{"name":"wp","href":"https:\/\/api.w.org\/{rel}","templated":true}]}}