{"id":51,"date":"2014-03-25T20:50:19","date_gmt":"2014-03-25T18:50:19","guid":{"rendered":"http:\/\/industriekaufmann24.de.w011ba66.kasserver.com\/buerokaufmann24.de\/?page_id=51"},"modified":"2014-07-08T11:34:18","modified_gmt":"2014-07-08T09:34:18","slug":"sommer-2009","status":"publish","type":"page","link":"https:\/\/buerokaufmann24.de\/?page_id=51","title":{"rendered":"Sommer 2009"},"content":{"rendered":"<table border=\"0\" width=\"100%\" cellspacing=\"0\" cellpadding=\"0\">\n<tbody>\n<tr>\n<td rowspan=\"2\" align=\"left\" valign=\"top\" width=\"99%\">\n<table border=\"0\" width=\"577\" cellspacing=\"0\" cellpadding=\"0\">\n<tbody>\n<tr>\n<td>\n<table border=\"0\" width=\"100%\" cellspacing=\"0\" cellpadding=\"0\">\n<tbody>\n<tr>\n<td width=\"100%\">\n<div align=\"left\">\n<p>HINWEISE:<\/p>\n<ul type=\"disc\">\n<li>Es handelt sich um selbst entwickelte L\u00f6sungen (ohne Gew\u00e4hr).<\/li>\n<li>Aus Gr\u00fcnden des Urheberschutzes sind wir nicht berechtigt, die entsprechenden Aufgaben zu ver\u00f6ffentlichen. Bitte sehen Sie von entsprechenden Anfragen ab. Vielen Dank!<\/li>\n<li>Im Fach &#8222;B\u00fcrowirtschaft&#8220; erfolgt jeweils eine individuelle Auswertung.<\/li>\n<li><a href=\"http:\/\/buerokaufmann24.de\/pageID_8212971.html\">Allgemeine Fragen zur Pr\u00fcfung<\/a><\/li>\n<\/ul>\n<table border=\"1\" width=\"512\" cellpadding=\"0\" align=\"left\">\n<tbody>\n<tr>\n<td align=\"center\" valign=\"middle\" width=\"104\">\n<p align=\"center\"><strong><br \/>\nAufgabe<br \/>\n<\/strong><\/p>\n<\/td>\n<td width=\"195\">\n<p align=\"center\"><strong>Rechnungswesen<\/strong><\/p>\n<\/td>\n<td width=\"205\">\n<p align=\"center\"><strong>Wirtschaft- und Sozialkunde<\/strong><\/p>\n<\/td>\n<\/tr>\n<tr>\n<td width=\"104\">\n<p align=\"center\">1 \/ 1 a<\/p>\n<\/td>\n<td valign=\"top\" width=\"195\">\n<p align=\"center\">6000, 6001, 2600 an 4403<\/p>\n<\/td>\n<td width=\"205\">\n<p align=\"center\">2<\/p>\n<p align=\"center\">\n<\/td>\n<\/tr>\n<tr>\n<td width=\"104\">\n<p align=\"center\">2 \/ 1 b<\/p>\n<p>&nbsp;<\/td>\n<td valign=\"top\" width=\"195\">\n<p align=\"center\">6870 2600\u00a0an 4499<\/p>\n<p>&nbsp;<\/td>\n<td width=\"205\">\n<p align=\"center\">3<\/p>\n<p>&nbsp;<\/td>\n<\/tr>\n<tr>\n<td width=\"104\">\n<p align=\"center\">3 a\u00a0\/ 2<\/p>\n<p>&nbsp;<\/td>\n<td valign=\"top\" width=\"195\">\n<p align=\"center\">3.735,75<\/p>\n<\/td>\n<td width=\"205\">\n<p align=\"center\">1, 4<\/p>\n<p>&nbsp;<\/td>\n<\/tr>\n<tr>\n<td width=\"104\">\n<p align=\"center\">3 b \/ 3 aa<\/p>\n<p>&nbsp;<\/td>\n<td valign=\"top\" width=\"195\">\n<p align=\"center\">709,79<\/p>\n<\/td>\n<td width=\"205\">\n<p align=\"center\">80<\/p>\n<p align=\"center\">\n<\/td>\n<\/tr>\n<tr>\n<td width=\"104\">\n<p align=\"center\">3 c \/ 3 ab<\/p>\n<p>&nbsp;<\/td>\n<td valign=\"top\" width=\"195\">\n<p align=\"center\">4.445,54<\/p>\n<\/td>\n<td width=\"205\">\n<p align=\"center\">245,00<\/p>\n<p>&nbsp;<\/td>\n<\/tr>\n<tr>\n<td width=\"104\">\n<p align=\"center\">4 a \/ 3 b<\/p>\n<p>&nbsp;<\/td>\n<td valign=\"top\" width=\"195\">\n<p align=\"center\">6050, 2600 an 2800<\/p>\n<\/td>\n<td width=\"205\">\n<p align=\"center\">14<\/p>\n<p>&nbsp;<\/td>\n<\/tr>\n<tr>\n<td width=\"104\">\n<p align=\"center\">4 b \/ 4 a<\/p>\n<p>&nbsp;<\/td>\n<td valign=\"top\" width=\"195\">\n<p align=\"center\">6750 an 2800<\/p>\n<\/td>\n<td align=\"left\" valign=\"top\" width=\"205\">\n<p align=\"center\">3<\/p>\n<\/td>\n<\/tr>\n<tr>\n<td width=\"104\">\n<p align=\"center\">4\u00a0c \/\u00a04 b<\/p>\n<p>&nbsp;<\/td>\n<td valign=\"top\" width=\"195\">\n<p align=\"center\">2800 an 5710<\/p>\n<\/td>\n<td width=\"205\">\n<p align=\"center\">1<\/p>\n<p>&nbsp;<\/td>\n<\/tr>\n<tr>\n<td width=\"104\">\n<p align=\"center\">4\u00a0d \/ 4 c<\/p>\n<p>&nbsp;<\/td>\n<td valign=\"top\" width=\"195\">\n<p align=\"center\">2800, 5101, 4800 an 2403<\/p>\n<p>&nbsp;<\/td>\n<td width=\"205\">\n<p align=\"center\">2<\/p>\n<p>&nbsp;<\/td>\n<\/tr>\n<tr>\n<td width=\"104\">\n<p align=\"center\">5 a \/ 5 a<\/p>\n<p>&nbsp;<\/td>\n<td valign=\"top\" width=\"195\">\n<p align=\"center\">14.696,50<\/p>\n<p>&nbsp;<\/td>\n<td width=\"205\">\n<p align=\"center\">2, 5<\/p>\n<p>&nbsp;<\/td>\n<\/tr>\n<tr>\n<td width=\"104\">\n<p align=\"center\">5 b\u00a0\/ 5 b<\/p>\n<p>&nbsp;<\/td>\n<td valign=\"top\" width=\"195\">\n<p align=\"center\">247,00<\/p>\n<p>&nbsp;<\/td>\n<td width=\"205\">\n<p align=\"center\">4, 5<\/p>\n<p>&nbsp;<\/td>\n<\/tr>\n<tr>\n<td width=\"104\">\n<p align=\"center\">5 c\u00a0\/ 6 a<\/p>\n<p>&nbsp;<\/td>\n<td valign=\"top\" width=\"195\">\n<p align=\"center\">46,93<\/p>\n<p>&nbsp;<\/td>\n<td width=\"205\">\n<p align=\"center\">3<\/p>\n<p>&nbsp;<\/td>\n<\/tr>\n<tr>\n<td width=\"104\">\n<p align=\"center\">6 a\u00a0\/ 6 b<\/p>\n<p>&nbsp;<\/td>\n<td valign=\"top\" width=\"195\">\n<p align=\"center\">1.897.978,00<\/p>\n<p>&nbsp;<\/td>\n<td width=\"205\">\n<p align=\"center\">4<\/p>\n<p>&nbsp;<\/td>\n<\/tr>\n<tr>\n<td width=\"104\">\n<p align=\"center\">6 b \/\u00a06 c<\/p>\n<p>&nbsp;<\/td>\n<td valign=\"top\" width=\"195\">\n<p align=\"center\">1.117.087,00<\/p>\n<p>&nbsp;<\/td>\n<td width=\"205\">\n<p align=\"center\">1<\/p>\n<p>&nbsp;<\/td>\n<\/tr>\n<tr>\n<td width=\"104\">\n<p align=\"center\">6 c\u00a0\/ 7 a<\/p>\n<p>&nbsp;<\/td>\n<td valign=\"top\" width=\"195\">\n<p align=\"center\">58,86<\/p>\n<p>&nbsp;<\/td>\n<td width=\"205\">\n<p align=\"center\">30<\/p>\n<p>&nbsp;<\/td>\n<\/tr>\n<tr>\n<td width=\"104\">\n<p align=\"center\">7\u00a0\/\u00a07 b<\/p>\n<p>&nbsp;<\/td>\n<td valign=\"top\" width=\"195\">\n<p align=\"center\">3, 4<\/p>\n<\/td>\n<td width=\"205\">\n<p align=\"center\">4<\/p>\n<p>&nbsp;<\/td>\n<\/tr>\n<tr>\n<td width=\"104\">\n<p align=\"center\">8 a\u00a0\/ 8 aa<\/p>\n<p>&nbsp;<\/td>\n<td valign=\"top\" width=\"195\">\n<p align=\"center\">361,98<\/p>\n<\/td>\n<td width=\"205\">\n<p align=\"center\">200.000<\/p>\n<p>&nbsp;<\/td>\n<\/tr>\n<tr>\n<td width=\"104\">\n<p align=\"center\">8 ba \/\u00a08 ab<\/p>\n<p>&nbsp;<\/td>\n<td valign=\"top\" width=\"195\">\n<p align=\"center\">341,44<\/p>\n<\/td>\n<td width=\"205\">\n<p align=\"center\">7.800<\/p>\n<p>&nbsp;<\/td>\n<\/tr>\n<tr>\n<td width=\"104\">\n<p align=\"center\">8\u00a0bb\u00a0\/ 8 b<\/p>\n<p>&nbsp;<\/td>\n<td valign=\"top\" width=\"195\">\n<p align=\"center\">9,68<\/p>\n<p>&nbsp;<\/td>\n<td width=\"205\">\n<p align=\"center\">2<\/p>\n<p>&nbsp;<\/td>\n<\/tr>\n<tr>\n<td width=\"104\">\n<p align=\"center\">9 aa\u00a0\/ 9 a<\/p>\n<p>&nbsp;<\/td>\n<td valign=\"top\" width=\"195\">\n<p align=\"center\">6410 an 2640<\/p>\n<p>&nbsp;<\/td>\n<td width=\"205\">\n<p align=\"center\">3<\/p>\n<p>&nbsp;<\/td>\n<\/tr>\n<tr>\n<td width=\"104\">\n<p align=\"center\">9 ab\u00a0\/ 9 b<\/p>\n<p>&nbsp;<\/td>\n<td valign=\"top\" width=\"195\">\n<p align=\"center\">6300 an 2640, 4830, 2800<\/p>\n<p>&nbsp;<\/td>\n<td width=\"205\">\n<p align=\"center\">1<\/p>\n<p>&nbsp;<\/td>\n<\/tr>\n<tr>\n<td width=\"104\">\n<p align=\"center\">9 b \/ 9 c<\/p>\n<p>&nbsp;<\/td>\n<td valign=\"top\" width=\"195\">\n<p align=\"center\">1, 3<\/p>\n<p>&nbsp;<\/td>\n<td width=\"205\">\n<p align=\"center\">2<\/p>\n<p>&nbsp;<\/td>\n<\/tr>\n<tr>\n<td width=\"104\">\n<p align=\"center\">10 aa\u00a0\/ 10<\/p>\n<p>&nbsp;<\/td>\n<td valign=\"top\" width=\"195\">\n<p align=\"center\">12.800,00<\/p>\n<\/td>\n<td width=\"205\">\n<p align=\"center\">1, 5<\/p>\n<p>&nbsp;<\/td>\n<\/tr>\n<tr>\n<td align=\"center\" valign=\"middle\" width=\"104\">\n<p align=\"center\">10 ab \/ 11 a<\/p>\n<p>&nbsp;<\/td>\n<td align=\"center\" valign=\"middle\" width=\"195\">\n<p align=\"center\">15.960,00<\/p>\n<p>&nbsp;<\/td>\n<td align=\"center\" valign=\"middle\" width=\"205\">\n<p align=\"center\">2<\/p>\n<p align=\"center\">\n<\/td>\n<\/tr>\n<tr>\n<td align=\"center\" valign=\"top\" width=\"104\">\n<p align=\"center\">10 b\u00a0\/ 11b<\/p>\n<\/td>\n<td align=\"center\" valign=\"top\" width=\"195\">\n<p align=\"center\">1, 5<\/p>\n<\/td>\n<td align=\"center\" valign=\"middle\" width=\"205\">\n<p align=\"center\">3<\/p>\n<p align=\"center\">\n<\/td>\n<\/tr>\n<tr>\n<td align=\"center\" valign=\"middle\" width=\"104\">\n<p align=\"center\">11a \/ 12 a<\/p>\n<p>&nbsp;<\/td>\n<td align=\"center\" valign=\"middle\" width=\"195\">\n<p align=\"center\">3920, 2600\u00a0an 4499, 5480<\/p>\n<p>&nbsp;<\/td>\n<td align=\"center\" valign=\"middle\" width=\"205\">\n<p align=\"center\">1<\/p>\n<p>&nbsp;<\/td>\n<\/tr>\n<tr>\n<td align=\"center\" valign=\"middle\" width=\"104\">\n<p align=\"center\">11 b \/ 12 b<\/p>\n<p>&nbsp;<\/td>\n<td align=\"center\" valign=\"middle\" width=\"195\">\n<p align=\"center\">500<\/p>\n<p align=\"center\">\n<\/td>\n<td align=\"center\" valign=\"middle\" width=\"205\">\n<p align=\"center\">1<\/p>\n<p>&nbsp;<\/td>\n<\/tr>\n<tr>\n<td align=\"center\" valign=\"middle\" width=\"104\">\n<p align=\"center\">12 aa \/ 12 c<\/p>\n<p>&nbsp;<\/td>\n<td align=\"center\" valign=\"middle\" width=\"195\">\n<p align=\"center\">37.375,00<\/p>\n<p align=\"center\">\n<\/td>\n<td align=\"center\" valign=\"middle\" width=\"205\">\n<p align=\"center\">3<\/p>\n<p align=\"center\">\n<\/td>\n<\/tr>\n<tr>\n<td align=\"center\" valign=\"middle\" width=\"104\">\n<p align=\"center\">12 ab \/ 13 a<\/p>\n<p>&nbsp;<\/td>\n<td align=\"center\" valign=\"middle\" width=\"195\">\n<p align=\"center\">175.500,00<\/p>\n<p align=\"center\">\n<\/td>\n<td align=\"center\" valign=\"middle\" width=\"205\">\n<p align=\"center\">2<\/p>\n<p>&nbsp;<\/td>\n<\/tr>\n<tr>\n<td align=\"center\" valign=\"middle\" width=\"104\">\n<p align=\"center\">12 ac\u00a0\/ 13 b<\/p>\n<p>&nbsp;<\/td>\n<td align=\"center\" valign=\"middle\" width=\"195\">\n<p align=\"center\">266.093,75<\/p>\n<p>&nbsp;<\/td>\n<td align=\"center\" valign=\"middle\" width=\"205\">\n<p align=\"center\">1<\/p>\n<p align=\"center\">\n<\/td>\n<\/tr>\n<tr>\n<td align=\"center\" valign=\"middle\" width=\"104\">\n<p align=\"center\">12 ad \/ 13 c<\/p>\n<p>&nbsp;<\/td>\n<td align=\"center\" valign=\"middle\" width=\"195\">\n<p align=\"center\">34.206,25<\/p>\n<p>&nbsp;<\/td>\n<td align=\"center\" valign=\"middle\" width=\"205\">\n<p align=\"center\">3<\/p>\n<p>&nbsp;<\/td>\n<\/tr>\n<tr>\n<td align=\"center\" valign=\"middle\" width=\"104\">\n<p align=\"center\">12 ae \/ 14 a<\/p>\n<p>&nbsp;<\/td>\n<td align=\"center\" valign=\"middle\" width=\"195\">\n<p align=\"center\">12,85<\/p>\n<p align=\"center\">\n<\/td>\n<td align=\"center\" valign=\"middle\" width=\"205\">\n<p align=\"center\">4<\/p>\n<p>&nbsp;<\/td>\n<\/tr>\n<tr>\n<td align=\"center\" valign=\"middle\" width=\"104\">\n<p align=\"center\">12 b \/ 14\u00a0b<\/p>\n<p>&nbsp;<\/td>\n<td align=\"center\" valign=\"middle\" width=\"195\">\n<p align=\"center\">3,\u00a04<\/p>\n<p align=\"center\">\n<\/td>\n<td align=\"center\" valign=\"middle\" width=\"205\">\n<p align=\"center\">2<\/p>\n<p>&nbsp;<\/td>\n<\/tr>\n<tr>\n<td align=\"center\" valign=\"middle\" width=\"104\">\n<p align=\"center\">15 a<\/p>\n<p>&nbsp;<\/td>\n<td align=\"center\" valign=\"middle\" width=\"195\">&nbsp;<\/td>\n<td align=\"center\" valign=\"middle\" width=\"205\">\n<p align=\"center\">2<\/p>\n<p>&nbsp;<\/td>\n<\/tr>\n<tr>\n<td align=\"center\" valign=\"middle\" width=\"104\">\n<p align=\"center\">15 b<\/p>\n<p>&nbsp;<\/td>\n<td align=\"center\" valign=\"middle\" width=\"195\">&nbsp;<\/td>\n<td align=\"center\" valign=\"middle\" width=\"205\">\n<p align=\"center\">3<\/p>\n<p>&nbsp;<\/td>\n<\/tr>\n<tr>\n<td align=\"center\" valign=\"middle\" width=\"104\">\n<p align=\"center\">16 a<\/p>\n<p>&nbsp;<\/td>\n<td align=\"center\" valign=\"middle\" width=\"195\">&nbsp;<\/td>\n<td align=\"center\" valign=\"middle\" width=\"205\">\n<p align=\"center\">3<\/p>\n<p>&nbsp;<\/td>\n<\/tr>\n<tr>\n<td align=\"center\" valign=\"middle\" width=\"104\">\n<p align=\"center\">16 b<\/p>\n<p>&nbsp;<\/td>\n<td align=\"center\" valign=\"middle\" width=\"195\">&nbsp;<\/td>\n<td align=\"center\" valign=\"middle\" width=\"205\">\n<p align=\"center\">2<\/p>\n<p>&nbsp;<\/td>\n<\/tr>\n<\/tbody>\n<\/table>\n<p>&nbsp;<\/p>\n<\/div>\n<\/td>\n<\/tr>\n<tr>\n<td valign=\"top\"><img loading=\"lazy\" decoding=\"async\" src=\"http:\/\/buerokaufmann24.de\/images\/i.gif\" alt=\"\" width=\"462\" height=\"1\" \/><\/td>\n<\/tr>\n<\/tbody>\n<\/table>\n<\/td>\n<\/tr>\n<tr>\n<td><img loading=\"lazy\" decoding=\"async\" src=\"http:\/\/buerokaufmann24.de\/designs\/design102\/color2\/images\/i.gif\" alt=\"\" width=\"1\" height=\"15\" \/><img loading=\"lazy\" decoding=\"async\" src=\"http:\/\/buerokaufmann24.de\/designs\/design102\/color2\/images\/i.gif\" alt=\"\" width=\"1\" height=\"10\" \/><\/td>\n<\/tr>\n<\/tbody>\n<\/table>\n<\/td>\n<\/tr>\n<tr>\n<td align=\"left\" valign=\"top\" width=\"1%\"><img loading=\"lazy\" decoding=\"async\" src=\"http:\/\/buerokaufmann24.de\/designs\/design102\/color2\/images\/i.gif\" alt=\"\" width=\"1\" height=\"1\" \/><\/td>\n<\/tr>\n<tr>\n<td align=\"left\" valign=\"top\"><img loading=\"lazy\" decoding=\"async\" src=\"http:\/\/buerokaufmann24.de\/designs\/design102\/color2\/images\/i.gif\" alt=\"\" width=\"1\" height=\"1\" \/><\/td>\n<td align=\"left\" valign=\"top\">\n<table border=\"0\" width=\"577\" cellspacing=\"0\" cellpadding=\"0\">\n<tbody>\n<tr>\n<td rowspan=\"3\" valign=\"bottom\"><img loading=\"lazy\" decoding=\"async\" src=\"http:\/\/buerokaufmann24.de\/designs\/design102\/color2\/images\/i.gif\" alt=\"\" width=\"11\" height=\"1\" \/><\/td>\n<td align=\"left\" width=\"559\"><img loading=\"lazy\" decoding=\"async\" src=\"http:\/\/buerokaufmann24.de\/designs\/design102\/color2\/images\/i.gif\" alt=\"\" width=\"1\" height=\"15\" \/><\/td>\n<\/tr>\n<\/tbody>\n<\/table>\n<\/td>\n<\/tr>\n<\/tbody>\n<\/table>\n","protected":false},"excerpt":{"rendered":"<p>HINWEISE: Es handelt sich um selbst entwickelte L\u00f6sungen (ohne Gew\u00e4hr). Aus Gr\u00fcnden des Urheberschutzes sind wir nicht berechtigt, die entsprechenden Aufgaben zu ver\u00f6ffentlichen. Bitte sehen Sie von entsprechenden Anfragen ab. Vielen Dank! Im Fach &#8222;B\u00fcrowirtschaft&#8220; erfolgt jeweils eine individuelle Auswertung. Allgemeine Fragen zur Pr\u00fcfung Aufgabe Rechnungswesen Wirtschaft- und Sozialkunde 1 \/ 1 a 6000, 6001, [&hellip;]<\/p>\n","protected":false},"author":1,"featured_media":0,"parent":0,"menu_order":52,"comment_status":"closed","ping_status":"open","template":"","meta":{"footnotes":""},"class_list":["post-51","page","type-page","status-publish","hentry"],"_links":{"self":[{"href":"https:\/\/buerokaufmann24.de\/index.php?rest_route=\/wp\/v2\/pages\/51","targetHints":{"allow":["GET"]}}],"collection":[{"href":"https:\/\/buerokaufmann24.de\/index.php?rest_route=\/wp\/v2\/pages"}],"about":[{"href":"https:\/\/buerokaufmann24.de\/index.php?rest_route=\/wp\/v2\/types\/page"}],"author":[{"embeddable":true,"href":"https:\/\/buerokaufmann24.de\/index.php?rest_route=\/wp\/v2\/users\/1"}],"replies":[{"embeddable":true,"href":"https:\/\/buerokaufmann24.de\/index.php?rest_route=%2Fwp%2Fv2%2Fcomments&post=51"}],"version-history":[{"count":2,"href":"https:\/\/buerokaufmann24.de\/index.php?rest_route=\/wp\/v2\/pages\/51\/revisions"}],"predecessor-version":[{"id":219,"href":"https:\/\/buerokaufmann24.de\/index.php?rest_route=\/wp\/v2\/pages\/51\/revisions\/219"}],"wp:attachment":[{"href":"https:\/\/buerokaufmann24.de\/index.php?rest_route=%2Fwp%2Fv2%2Fmedia&parent=51"}],"curies":[{"name":"wp","href":"https:\/\/api.w.org\/{rel}","templated":true}]}}