{"id":49,"date":"2014-03-25T20:49:33","date_gmt":"2014-03-25T18:49:33","guid":{"rendered":"http:\/\/industriekaufmann24.de.w011ba66.kasserver.com\/buerokaufmann24.de\/?page_id=49"},"modified":"2014-07-08T11:34:08","modified_gmt":"2014-07-08T09:34:08","slug":"winter-20092010","status":"publish","type":"page","link":"https:\/\/buerokaufmann24.de\/?page_id=49","title":{"rendered":"Winter 2009\/2010"},"content":{"rendered":"<table border=\"0\" width=\"100%\" cellspacing=\"0\" cellpadding=\"0\">\n<tbody>\n<tr>\n<td rowspan=\"2\" align=\"left\" valign=\"top\" width=\"99%\">\n<table border=\"0\" width=\"577\" cellspacing=\"0\" cellpadding=\"0\">\n<tbody>\n<tr>\n<td>\n<table border=\"0\" width=\"100%\" cellspacing=\"0\" cellpadding=\"0\">\n<tbody>\n<tr>\n<td width=\"100%\">\n<div align=\"left\">\n<p>HINWEISE:<\/p>\n<ul type=\"disc\">\n<li>Es handelt sich um selbst entwickelte L\u00f6sungen (ohne Gew\u00e4hr).<\/li>\n<li>Aus Gr\u00fcnden des Urheberschutzes sind wir nicht berechtigt, die entsprechenden Aufgaben zu ver\u00f6ffentlichen. Bitte sehen Sie von entsprechenden Anfragen ab. Vielen Dank!<\/li>\n<li>Im Fach &#8222;B\u00fcrowirtschaft&#8220; erfolgt jeweils eine individuelle Auswertung.<\/li>\n<li><a href=\"http:\/\/buerokaufmann24.de\/pageID_8212971.html\">Allgemeine Fragen zur Pr\u00fcfung<\/a><\/li>\n<\/ul>\n<table border=\"1\" width=\"512\" cellpadding=\"0\" align=\"left\">\n<tbody>\n<tr>\n<td align=\"center\" valign=\"middle\" width=\"104\">\n<p align=\"center\">Aufgabe<\/p>\n<\/td>\n<td width=\"195\">\n<p align=\"center\">Rechnungswesen<\/p>\n<\/td>\n<td width=\"205\">\n<p align=\"center\">Wirtschaft- und Sozialkunde<\/p>\n<\/td>\n<\/tr>\n<tr>\n<td width=\"104\">\n<p align=\"center\">1 \/ 1 a<\/p>\n<\/td>\n<td valign=\"top\" width=\"195\">\n<p align=\"center\">6080, 2600 an 4409<\/p>\n<\/td>\n<td width=\"205\">\n<p align=\"center\">3<\/p>\n<p align=\"center\">\n<\/td>\n<\/tr>\n<tr>\n<td width=\"104\">\n<p align=\"center\">2 \/ 1 b<\/p>\n<p>&nbsp;<\/td>\n<td valign=\"top\" width=\"195\">\n<p align=\"center\">2407 an 5100, 2800<\/p>\n<\/td>\n<td width=\"205\">\n<p align=\"center\">5<\/p>\n<p>&nbsp;<\/td>\n<\/tr>\n<tr>\n<td width=\"104\">\n<p align=\"center\">3 a\u00a0\/ 2 a<\/p>\n<p>&nbsp;<\/td>\n<td valign=\"top\" width=\"195\">\n<p align=\"center\">93,30<\/p>\n<\/td>\n<td width=\"205\">\n<p align=\"center\">2<\/p>\n<p align=\"center\">\n<\/td>\n<\/tr>\n<tr>\n<td width=\"104\">\n<p align=\"center\">3 b \/\u00a02 b<\/p>\n<p>&nbsp;<\/td>\n<td valign=\"top\" width=\"195\">\n<p align=\"center\">11,76<\/p>\n<\/td>\n<td width=\"205\">\n<p align=\"center\">3<\/p>\n<p align=\"center\">\n<\/td>\n<\/tr>\n<tr>\n<td width=\"104\">\n<p align=\"center\">3 c \/ 2 c<\/p>\n<p>&nbsp;<\/td>\n<td valign=\"top\" width=\"195\">\n<p align=\"center\">12,6<\/p>\n<\/td>\n<td width=\"205\">\n<p align=\"center\">1<\/p>\n<p align=\"center\">\n<\/td>\n<\/tr>\n<tr>\n<td width=\"104\">\n<p align=\"center\">4\u00a0 \/ 3 a<\/p>\n<p>&nbsp;<\/td>\n<td valign=\"top\" width=\"195\">\n<p align=\"center\">2, 5<\/p>\n<\/td>\n<td width=\"205\">\n<p align=\"center\">1<\/p>\n<p>&nbsp;<\/td>\n<\/tr>\n<tr>\n<td width=\"104\">\n<p align=\"center\">5\u00a0\/\u00a03 b<\/p>\n<p>&nbsp;<\/td>\n<td valign=\"top\" width=\"195\">\n<p align=\"center\">6140, 2600 an 4407<\/p>\n<\/td>\n<td align=\"left\" valign=\"top\" width=\"205\">\n<p align=\"center\">0<\/p>\n<\/td>\n<\/tr>\n<tr>\n<td width=\"104\">\n<p align=\"center\">6\u00a0a \/\u00a03 c<\/p>\n<p>&nbsp;<\/td>\n<td valign=\"top\" width=\"195\">\n<p align=\"center\">2.300,00<\/p>\n<\/td>\n<td width=\"205\">\n<p align=\"center\">2<\/p>\n<p align=\"center\">\n<\/td>\n<\/tr>\n<tr>\n<td width=\"104\">\n<p align=\"center\">6 b \/ 4<\/p>\n<p>&nbsp;<\/td>\n<td valign=\"top\" width=\"195\">\n<p align=\"center\">256,50<\/p>\n<\/td>\n<td width=\"205\">\n<p align=\"center\">06.11.2009<\/p>\n<p>&nbsp;<\/td>\n<\/tr>\n<tr>\n<td width=\"104\">\n<p align=\"center\">7\u00a0\/ 5 a<\/p>\n<p>&nbsp;<\/td>\n<td valign=\"top\" width=\"195\">\n<p align=\"center\">4,\u00a05<\/p>\n<\/td>\n<td width=\"205\">\n<p align=\"center\">2<\/p>\n<p>&nbsp;<\/td>\n<\/tr>\n<tr>\n<td width=\"104\">\n<p align=\"center\">8\u00a0a\u00a0\/ 5 b<\/p>\n<p>&nbsp;<\/td>\n<td valign=\"top\" width=\"195\">\n<p align=\"center\">3001 an 2880<\/p>\n<\/td>\n<td width=\"205\">\n<p align=\"center\">1<\/p>\n<p align=\"center\">\n<\/td>\n<\/tr>\n<tr>\n<td width=\"104\">\n<p align=\"center\">8 b\u00a0\/\u00a05 c<\/p>\n<p>&nbsp;<\/td>\n<td valign=\"top\" width=\"195\">\n<p align=\"center\">2880 an 5410, 4800 oder<br \/>\n2880 an 0840, 4800<\/p>\n<\/td>\n<td width=\"205\">\n<p align=\"center\">3<\/p>\n<p>&nbsp;<\/td>\n<\/tr>\n<tr>\n<td width=\"104\">\n<p align=\"center\">8 c\u00a0\/ 6 a<\/p>\n<p>&nbsp;<\/td>\n<td valign=\"top\" width=\"195\">\n<p align=\"center\">5410,\u00a06960 an 0840 oder<br \/>\n6960 an 0840<\/p>\n<\/td>\n<td width=\"205\">\n<p align=\"center\">1<\/p>\n<p>&nbsp;<\/td>\n<\/tr>\n<tr>\n<td width=\"104\">\n<p align=\"center\">9 a \/\u00a06 b<\/p>\n<p>&nbsp;<\/td>\n<td valign=\"top\" width=\"195\">\n<p align=\"center\">1 oder 3<\/p>\n<\/td>\n<td width=\"205\">\n<p align=\"center\">3<\/p>\n<p>&nbsp;<\/td>\n<\/tr>\n<tr>\n<td width=\"104\">\n<p align=\"center\">9 b\u00a0\/ 7<\/p>\n<p>&nbsp;<\/td>\n<td valign=\"top\" width=\"195\">\n<p align=\"center\">3<\/p>\n<\/td>\n<td width=\"205\">\n<p align=\"center\">5<\/p>\n<p>&nbsp;<\/td>\n<\/tr>\n<tr>\n<td width=\"104\">\n<p align=\"center\">9 c\u00a0\/\u00a08<\/p>\n<p>&nbsp;<\/td>\n<td valign=\"top\" width=\"195\">\n<p align=\"center\">alle richtig<\/p>\n<\/td>\n<td width=\"205\">\n<p align=\"center\">2, 5<\/p>\n<p>&nbsp;<\/td>\n<\/tr>\n<tr>\n<td width=\"104\">\n<p align=\"center\">10\u00a0a\u00a0\/ 9 a<\/p>\n<p>&nbsp;<\/td>\n<td valign=\"top\" width=\"195\">\n<p align=\"center\">292.632,34<\/p>\n<\/td>\n<td width=\"205\">\n<p align=\"center\">2<\/p>\n<p align=\"center\">\n<\/td>\n<\/tr>\n<tr>\n<td width=\"104\">\n<p align=\"center\">10 b \/\u00a09 b<\/p>\n<p>&nbsp;<\/td>\n<td valign=\"top\" width=\"195\">\n<p align=\"center\">188.997,85<\/p>\n<\/td>\n<td width=\"205\">\n<p align=\"center\">1<\/p>\n<p align=\"center\">\n<\/td>\n<\/tr>\n<tr>\n<td width=\"104\">\n<p align=\"center\">10 c\u00a0\/ 9 c<\/p>\n<p>&nbsp;<\/td>\n<td valign=\"top\" width=\"195\">\n<p align=\"center\">70.414,20<\/p>\n<\/td>\n<td width=\"205\">\n<p align=\"center\">3<\/p>\n<p>&nbsp;<\/td>\n<\/tr>\n<tr>\n<td width=\"104\">\n<p align=\"center\">10 d\u00a0\/ 10<\/p>\n<p>&nbsp;<\/td>\n<td valign=\"top\" width=\"195\">\n<p align=\"center\">560.244,39<\/p>\n<\/td>\n<td width=\"205\">\n<p align=\"center\">3<\/p>\n<p>&nbsp;<\/td>\n<\/tr>\n<tr>\n<td width=\"104\">\n<p align=\"center\">11\u00a0\/ 9 b<\/p>\n<p>&nbsp;<\/td>\n<td valign=\"top\" width=\"195\">\n<p align=\"center\">2,\u00a04<\/p>\n<\/td>\n<td width=\"205\">\n<p align=\"center\">1<\/p>\n<p>&nbsp;<\/td>\n<\/tr>\n<tr>\n<td width=\"104\">\n<p align=\"center\">12 a \/ 9 c<\/p>\n<p>&nbsp;<\/td>\n<td valign=\"top\" width=\"195\">\n<p align=\"center\">2.000,00<\/p>\n<\/td>\n<td width=\"205\">\n<p align=\"center\">2<\/p>\n<p>&nbsp;<\/td>\n<\/tr>\n<tr>\n<td width=\"104\">\n<p align=\"center\">12 b\u00a0\/ 10<\/p>\n<p>&nbsp;<\/td>\n<td valign=\"top\" width=\"195\">\n<p align=\"center\">400,00<\/p>\n<\/td>\n<td width=\"205\">\n<p align=\"center\">1, 5<\/p>\n<p>&nbsp;<\/td>\n<\/tr>\n<tr>\n<td align=\"center\" valign=\"middle\" width=\"104\">\n<p align=\"center\">13 \/ 11 a<\/p>\n<p>&nbsp;<\/td>\n<td align=\"center\" valign=\"middle\" width=\"195\">\n<p align=\"center\">1, 5<\/p>\n<p align=\"center\">\n<\/td>\n<td align=\"center\" valign=\"middle\" width=\"205\">\n<p align=\"center\">2<\/p>\n<p align=\"center\">\n<\/td>\n<\/tr>\n<tr>\n<td align=\"center\" valign=\"top\" width=\"104\">\n<p align=\"center\">14 a\u00a0\/ 11 b<\/p>\n<\/td>\n<td align=\"center\" valign=\"top\" width=\"195\">\n<p align=\"center\">14.400,00<\/p>\n<\/td>\n<td align=\"center\" valign=\"middle\" width=\"205\">\n<p align=\"center\">2<\/p>\n<p align=\"center\">\n<\/td>\n<\/tr>\n<tr>\n<td align=\"center\" valign=\"middle\" width=\"104\">\n<p align=\"center\">14 b \/ 12 a<\/p>\n<p>&nbsp;<\/td>\n<td align=\"center\" valign=\"middle\" width=\"195\">\n<p align=\"center\">266.400,00<\/p>\n<p align=\"center\">\n<\/td>\n<td align=\"center\" valign=\"middle\" width=\"205\">\n<p align=\"center\">3<\/p>\n<p align=\"center\">\n<\/td>\n<\/tr>\n<tr>\n<td align=\"center\" valign=\"middle\" width=\"104\">\n<p align=\"center\">14 c \/ 12 b<\/p>\n<p>&nbsp;<\/td>\n<td align=\"center\" valign=\"middle\" width=\"195\">\n<p align=\"center\">0,34<\/p>\n<p align=\"center\">\n<\/td>\n<td align=\"center\" valign=\"middle\" width=\"205\">\n<p align=\"center\">1<\/p>\n<p>&nbsp;<\/td>\n<\/tr>\n<tr>\n<td align=\"center\" valign=\"middle\" width=\"104\">\n<p align=\"center\">14 d \/ 12 c<\/p>\n<p>&nbsp;<\/td>\n<td align=\"center\" valign=\"middle\" width=\"195\">\n<p align=\"center\">119.680,00<\/p>\n<p align=\"center\">\n<\/td>\n<td align=\"center\" valign=\"middle\" width=\"205\">\n<p align=\"center\">5<\/p>\n<p align=\"center\">\n<\/td>\n<\/tr>\n<tr>\n<td align=\"center\" valign=\"middle\" width=\"104\">\n<p align=\"center\">15 a \/ 13 a<\/p>\n<p>&nbsp;<\/td>\n<td align=\"center\" valign=\"middle\" width=\"195\">\n<p align=\"center\">70,00<\/p>\n<p align=\"center\">\n<\/td>\n<td align=\"center\" valign=\"middle\" width=\"205\">\n<p align=\"center\">4<\/p>\n<p>&nbsp;<\/td>\n<\/tr>\n<tr>\n<td align=\"center\" valign=\"middle\" width=\"104\">\n<p align=\"center\">15 b\u00a0\/ 13 b<\/p>\n<p>&nbsp;<\/td>\n<td align=\"center\" valign=\"middle\" width=\"195\">\n<p align=\"center\">35,00<\/p>\n<p align=\"center\">\n<\/td>\n<td align=\"center\" valign=\"middle\" width=\"205\">\n<p align=\"center\">3<\/p>\n<p align=\"center\">\n<\/td>\n<\/tr>\n<tr>\n<td align=\"center\" valign=\"middle\" width=\"104\">\n<p align=\"center\">15 c \/ 13 c<\/p>\n<p>&nbsp;<\/td>\n<td align=\"center\" valign=\"middle\" width=\"195\">\n<p align=\"center\">135,00<\/p>\n<p align=\"center\">\n<\/td>\n<td align=\"center\" valign=\"middle\" width=\"205\">\n<p align=\"center\">1<\/p>\n<p>&nbsp;<\/td>\n<\/tr>\n<tr>\n<td align=\"center\" valign=\"middle\" width=\"104\">\n<p align=\"center\">15 d \/ 14 a<\/p>\n<p>&nbsp;<\/td>\n<td align=\"center\" valign=\"middle\" width=\"195\">\n<p align=\"center\">65,00<\/p>\n<p align=\"center\">\n<\/td>\n<td align=\"center\" valign=\"middle\" width=\"205\">\n<p align=\"center\">3<\/p>\n<p>&nbsp;<\/td>\n<\/tr>\n<tr>\n<td align=\"center\" valign=\"middle\" width=\"104\">\n<p align=\"center\">15 e \/ 14\u00a0b<\/p>\n<p>&nbsp;<\/td>\n<td align=\"center\" valign=\"middle\" width=\"195\">\n<p align=\"center\">539<\/p>\n<p align=\"center\">\n<\/td>\n<td align=\"center\" valign=\"middle\" width=\"205\">\n<p align=\"center\">4<\/p>\n<p>&nbsp;<\/td>\n<\/tr>\n<tr>\n<td align=\"center\" valign=\"middle\" width=\"104\">\n<p align=\"center\">16 a \/ 15<\/p>\n<p>&nbsp;<\/td>\n<td align=\"center\" valign=\"middle\" width=\"195\">\n<p align=\"center\">\u00a0&#8211; 105.500,00<\/p>\n<p align=\"center\">\n<\/td>\n<td align=\"center\" valign=\"middle\" width=\"205\">\n<p align=\"center\">2, 3<\/p>\n<p>&nbsp;<\/td>\n<\/tr>\n<tr>\n<td align=\"center\" valign=\"middle\" width=\"104\">\n<p align=\"center\">16 b\/ 16 a<\/p>\n<p>&nbsp;<\/td>\n<td align=\"center\" valign=\"middle\" width=\"195\">\n<p align=\"center\">\u00a02<\/p>\n<p align=\"center\">\n<\/td>\n<td align=\"center\" valign=\"middle\" width=\"205\">800&nbsp;<\/td>\n<\/tr>\n<tr>\n<td align=\"center\" valign=\"middle\" width=\"104\">\n<p align=\"center\">16 c \/ 16 b<\/p>\n<p>&nbsp;<\/td>\n<td align=\"center\" valign=\"middle\" width=\"195\">\n<p align=\"center\">\u00a02, 4, 5<\/p>\n<p align=\"center\">\n<\/td>\n<td align=\"center\" valign=\"middle\" width=\"205\">\n<p align=\"center\">30.000,00<\/p>\n<p>&nbsp;<\/td>\n<\/tr>\n<tr>\n<td align=\"center\" valign=\"middle\" width=\"104\">16\u00a0c&nbsp;<\/td>\n<td align=\"center\" valign=\"middle\" width=\"195\">&nbsp;<\/td>\n<td align=\"center\" valign=\"middle\" width=\"205\">500&nbsp;<\/td>\n<\/tr>\n<tr>\n<td align=\"center\" valign=\"middle\" width=\"104\">17 a&nbsp;<\/td>\n<td align=\"center\" valign=\"middle\" width=\"195\"><\/td>\n<td align=\"center\" valign=\"middle\" width=\"205\">2, 4&nbsp;<\/td>\n<\/tr>\n<tr>\n<td align=\"center\" valign=\"middle\" width=\"104\">17 b&nbsp;<\/td>\n<td align=\"center\" valign=\"middle\" width=\"195\"><\/td>\n<td align=\"center\" valign=\"middle\" width=\"205\">2&nbsp;<\/td>\n<\/tr>\n<\/tbody>\n<\/table>\n<p>&nbsp;<\/p>\n<\/div>\n<\/td>\n<\/tr>\n<tr>\n<td valign=\"top\"><img loading=\"lazy\" decoding=\"async\" src=\"http:\/\/buerokaufmann24.de\/images\/i.gif\" alt=\"\" width=\"462\" height=\"1\" \/><\/td>\n<\/tr>\n<\/tbody>\n<\/table>\n<\/td>\n<\/tr>\n<tr>\n<td><img loading=\"lazy\" decoding=\"async\" src=\"http:\/\/buerokaufmann24.de\/designs\/design102\/color2\/images\/i.gif\" alt=\"\" width=\"1\" height=\"15\" \/><img loading=\"lazy\" decoding=\"async\" src=\"http:\/\/buerokaufmann24.de\/designs\/design102\/color2\/images\/i.gif\" alt=\"\" width=\"1\" height=\"10\" \/><\/td>\n<\/tr>\n<\/tbody>\n<\/table>\n<\/td>\n<\/tr>\n<tr>\n<td align=\"left\" valign=\"top\" width=\"1%\"><img loading=\"lazy\" decoding=\"async\" src=\"http:\/\/buerokaufmann24.de\/designs\/design102\/color2\/images\/i.gif\" alt=\"\" width=\"1\" height=\"1\" \/><\/td>\n<\/tr>\n<tr>\n<td align=\"left\" valign=\"top\"><img loading=\"lazy\" decoding=\"async\" src=\"http:\/\/buerokaufmann24.de\/designs\/design102\/color2\/images\/i.gif\" alt=\"\" width=\"1\" height=\"1\" \/><\/td>\n<td align=\"left\" valign=\"top\">\n<table border=\"0\" width=\"577\" cellspacing=\"0\" cellpadding=\"0\">\n<tbody>\n<tr>\n<td rowspan=\"3\" valign=\"bottom\"><img loading=\"lazy\" decoding=\"async\" src=\"http:\/\/buerokaufmann24.de\/designs\/design102\/color2\/images\/i.gif\" alt=\"\" width=\"11\" height=\"1\" \/><\/td>\n<td align=\"left\" width=\"559\"><img loading=\"lazy\" decoding=\"async\" src=\"http:\/\/buerokaufmann24.de\/designs\/design102\/color2\/images\/i.gif\" alt=\"\" width=\"1\" height=\"15\" \/><\/td>\n<\/tr>\n<\/tbody>\n<\/table>\n<\/td>\n<\/tr>\n<\/tbody>\n<\/table>\n","protected":false},"excerpt":{"rendered":"<p>HINWEISE: Es handelt sich um selbst entwickelte L\u00f6sungen (ohne Gew\u00e4hr). Aus Gr\u00fcnden des Urheberschutzes sind wir nicht berechtigt, die entsprechenden Aufgaben zu ver\u00f6ffentlichen. Bitte sehen Sie von entsprechenden Anfragen ab. Vielen Dank! Im Fach &#8222;B\u00fcrowirtschaft&#8220; erfolgt jeweils eine individuelle Auswertung. Allgemeine Fragen zur Pr\u00fcfung Aufgabe Rechnungswesen Wirtschaft- und Sozialkunde 1 \/ 1 a 6080, 2600 [&hellip;]<\/p>\n","protected":false},"author":1,"featured_media":0,"parent":0,"menu_order":51,"comment_status":"closed","ping_status":"open","template":"","meta":{"footnotes":""},"class_list":["post-49","page","type-page","status-publish","hentry"],"_links":{"self":[{"href":"https:\/\/buerokaufmann24.de\/index.php?rest_route=\/wp\/v2\/pages\/49","targetHints":{"allow":["GET"]}}],"collection":[{"href":"https:\/\/buerokaufmann24.de\/index.php?rest_route=\/wp\/v2\/pages"}],"about":[{"href":"https:\/\/buerokaufmann24.de\/index.php?rest_route=\/wp\/v2\/types\/page"}],"author":[{"embeddable":true,"href":"https:\/\/buerokaufmann24.de\/index.php?rest_route=\/wp\/v2\/users\/1"}],"replies":[{"embeddable":true,"href":"https:\/\/buerokaufmann24.de\/index.php?rest_route=%2Fwp%2Fv2%2Fcomments&post=49"}],"version-history":[{"count":2,"href":"https:\/\/buerokaufmann24.de\/index.php?rest_route=\/wp\/v2\/pages\/49\/revisions"}],"predecessor-version":[{"id":218,"href":"https:\/\/buerokaufmann24.de\/index.php?rest_route=\/wp\/v2\/pages\/49\/revisions\/218"}],"wp:attachment":[{"href":"https:\/\/buerokaufmann24.de\/index.php?rest_route=%2Fwp%2Fv2%2Fmedia&parent=49"}],"curies":[{"name":"wp","href":"https:\/\/api.w.org\/{rel}","templated":true}]}}