{"id":47,"date":"2014-03-25T20:48:48","date_gmt":"2014-03-25T18:48:48","guid":{"rendered":"http:\/\/industriekaufmann24.de.w011ba66.kasserver.com\/buerokaufmann24.de\/?page_id=47"},"modified":"2014-07-08T11:33:59","modified_gmt":"2014-07-08T09:33:59","slug":"sommer-2010","status":"publish","type":"page","link":"https:\/\/buerokaufmann24.de\/?page_id=47","title":{"rendered":"Sommer 2010"},"content":{"rendered":"<table border=\"0\" width=\"100%\" cellspacing=\"0\" cellpadding=\"0\">\n<tbody>\n<tr>\n<td width=\"100%\">\n<div align=\"left\">\n<p>HINWEISE:<\/p>\n<ul type=\"disc\">\n<li>Es handelt sich um selbst entwickelte L\u00f6sungen (ohne Gew\u00e4hr).<\/li>\n<li>Aus Gr\u00fcnden des Urheberschutzes sind wir nicht berechtigt, die entsprechenden Aufgaben zu ver\u00f6ffentlichen. Bitte sehen Sie von entsprechenden Anfragen ab. Vielen Dank!<\/li>\n<li>Im Fach &#8222;B\u00fcrowirtschaft&#8220; erfolgt jeweils eine individuelle Auswertung.<\/li>\n<li><a href=\"http:\/\/buerokaufmann24.de\/pageID_8212971.html\">Allgemeine Fragen zur Pr\u00fcfung<\/a><\/li>\n<\/ul>\n<table border=\"1\" width=\"512\" cellpadding=\"0\" align=\"left\">\n<tbody>\n<tr>\n<td align=\"center\" valign=\"middle\" width=\"104\">\n<p align=\"center\"><b>Aufgabe<br \/>\n<\/b><\/p>\n<\/td>\n<td width=\"195\">\n<p align=\"center\"><b>Rechnungswesen<\/b><\/p>\n<\/td>\n<td width=\"205\">\n<p align=\"center\"><b>Wirtschaft- und Sozialkunde<\/b><\/p>\n<\/td>\n<\/tr>\n<tr>\n<td width=\"104\">\n<p align=\"center\">1 \/ 1 a<\/p>\n<p align=\"center\">\n<\/td>\n<td valign=\"top\" width=\"195\">\n<p align=\"center\">6080, 2600 an 4408<\/p>\n<\/td>\n<td width=\"205\">\n<p align=\"center\">3<\/p>\n<p align=\"center\">\n<\/td>\n<\/tr>\n<tr>\n<td width=\"104\">\n<p align=\"center\">2 \/ 1 ba<\/p>\n<p>&nbsp;<\/td>\n<td valign=\"top\" width=\"195\">\n<p align=\"center\">6081, 2600 an 4407<\/p>\n<\/td>\n<td width=\"205\">\n<p align=\"center\">3<\/p>\n<p>&nbsp;<\/td>\n<\/tr>\n<tr>\n<td width=\"104\">\n<p align=\"center\">3\u00a0\/ 1 bb<\/p>\n<p>&nbsp;<\/td>\n<td valign=\"top\" width=\"195\">\n<p align=\"center\">5001, 4800 an 2403<\/p>\n<\/td>\n<td width=\"205\">\n<p align=\"center\">1<\/p>\n<p align=\"center\">\n<\/td>\n<\/tr>\n<tr>\n<td width=\"104\">\n<p align=\"center\">4 a \/\u00a01 bc<\/p>\n<p>&nbsp;<\/td>\n<td valign=\"top\" width=\"195\">\n<p align=\"center\">2850 an 5710<\/p>\n<\/td>\n<td width=\"205\">\n<p align=\"center\">2, 5<\/p>\n<p align=\"center\">\n<\/td>\n<\/tr>\n<tr>\n<td width=\"104\">\n<p align=\"center\">4 b \/ 2<\/p>\n<p>&nbsp;<\/td>\n<td valign=\"top\" width=\"195\">\n<p align=\"center\">2850, 5101, 4800 an 2404<\/p>\n<\/td>\n<td width=\"205\">\n<p align=\"center\">1<\/p>\n<p align=\"center\">\n<\/td>\n<\/tr>\n<tr>\n<td width=\"104\">\n<p align=\"center\">5 a\u00a0 \/ 3<\/p>\n<p>&nbsp;<\/td>\n<td valign=\"top\" width=\"195\">\n<p align=\"center\">6810, 2610 an 2880<\/p>\n<\/td>\n<td width=\"205\">\n<p align=\"center\">1.010<\/p>\n<p>&nbsp;<\/td>\n<\/tr>\n<tr>\n<td width=\"104\">\n<p align=\"center\">5 b\u00a0\/\u00a04 a<\/p>\n<p>&nbsp;<\/td>\n<td valign=\"top\" width=\"195\">\n<p align=\"center\">2880 an 2800<\/p>\n<\/td>\n<td align=\"left\" valign=\"top\" width=\"205\">\n<p align=\"center\">3<\/p>\n<\/td>\n<\/tr>\n<tr>\n<td width=\"104\">\n<p align=\"center\">5 c\u00a0\/\u00a04 ba<\/p>\n<p>&nbsp;<\/td>\n<td valign=\"top\" width=\"195\">\n<p align=\"center\">6800, 2600 an 2880<\/p>\n<\/td>\n<td width=\"205\">\n<p align=\"center\">4<\/p>\n<p align=\"center\">\n<\/td>\n<\/tr>\n<tr>\n<td width=\"104\">\n<p align=\"center\">6 a \/ 4 bb<\/p>\n<p>&nbsp;<\/td>\n<td valign=\"top\" width=\"195\">\n<p align=\"center\">3, 5<\/p>\n<\/td>\n<td width=\"205\">\n<p align=\"center\">2<\/p>\n<p>&nbsp;<\/td>\n<\/tr>\n<tr>\n<td width=\"104\">\n<p align=\"center\">6 b\u00a0\/ 4 bc<\/p>\n<p>&nbsp;<\/td>\n<td valign=\"top\" width=\"195\">\n<p align=\"center\">3, 4<\/p>\n<\/td>\n<td width=\"205\">\n<p align=\"center\">1<\/p>\n<p>&nbsp;<\/td>\n<\/tr>\n<tr>\n<td width=\"104\">\n<p align=\"center\">7\u00a0a\u00a0\/ 5 a<\/p>\n<p>&nbsp;<\/td>\n<td valign=\"top\" width=\"195\">\n<p align=\"center\">3<\/p>\n<\/td>\n<td width=\"205\">\n<p align=\"center\">51,84 oder 50,11<\/p>\n<p align=\"center\">\n<\/td>\n<\/tr>\n<tr>\n<td width=\"104\">\n<p align=\"center\">7\u00a0b\u00a0\/\u00a05 b<\/p>\n<p>&nbsp;<\/td>\n<td valign=\"top\" width=\"195\">\n<p align=\"center\">800<\/p>\n<\/td>\n<td width=\"205\">\n<p align=\"center\">720,00<\/p>\n<p>&nbsp;<\/td>\n<\/tr>\n<tr>\n<td width=\"104\">\n<p align=\"center\">7\u00a0c\u00a0\/ 5 c<\/p>\n<p>&nbsp;<\/td>\n<td valign=\"top\" width=\"195\">\n<p align=\"center\">1, 4<\/p>\n<\/td>\n<td width=\"205\">\n<p align=\"center\">3.600,00<\/p>\n<p>&nbsp;<\/td>\n<\/tr>\n<tr>\n<td width=\"104\">\n<p align=\"center\">8 a \/\u00a06<\/p>\n<p>&nbsp;<\/td>\n<td valign=\"top\" width=\"195\">\n<p align=\"center\">256.326,00<\/p>\n<\/td>\n<td width=\"205\">\n<p align=\"center\">3, 5<\/p>\n<p>&nbsp;<\/td>\n<\/tr>\n<tr>\n<td width=\"104\">\n<p align=\"center\">8\u00a0b\u00a0\/ 7 a<\/p>\n<p>&nbsp;<\/td>\n<td valign=\"top\" width=\"195\">\n<p align=\"center\">215.400,00<\/p>\n<\/td>\n<td width=\"205\">\n<p align=\"center\">2, 5<\/p>\n<p>&nbsp;<\/td>\n<\/tr>\n<tr>\n<td width=\"104\">\n<p align=\"center\">8 c\u00a0\/\u00a07 b<\/p>\n<p>&nbsp;<\/td>\n<td valign=\"top\" width=\"195\">\n<p align=\"center\">8.616,00<\/p>\n<\/td>\n<td width=\"205\">\n<p align=\"center\">3<\/p>\n<p>&nbsp;<\/td>\n<\/tr>\n<tr>\n<td width=\"104\">\n<p align=\"center\">9\u00a0a\u00a0\/ 8<\/p>\n<p>&nbsp;<\/td>\n<td valign=\"top\" width=\"195\">\n<p align=\"center\">69.053,38<\/p>\n<\/td>\n<td width=\"205\">\n<p align=\"center\">2<\/p>\n<p align=\"center\">\n<\/td>\n<\/tr>\n<tr>\n<td width=\"104\">\n<p align=\"center\">9 b \/\u00a09<\/p>\n<p>&nbsp;<\/td>\n<td valign=\"top\" width=\"195\">\n<p align=\"center\">2650 an 2880<\/p>\n<\/td>\n<td width=\"205\">\n<p align=\"center\">2, 4<\/p>\n<p align=\"center\">\n<\/td>\n<\/tr>\n<tr>\n<td width=\"104\">\n<p align=\"center\">9 ca\u00a0\/ 10 a<\/p>\n<p>&nbsp;<\/td>\n<td valign=\"top\" width=\"195\">\n<p align=\"center\">4830 an 2800<\/p>\n<\/td>\n<td width=\"205\">\n<p align=\"center\">3<\/p>\n<p>&nbsp;<\/td>\n<\/tr>\n<tr>\n<td width=\"104\">\n<p align=\"center\">9 cb\u00a0\/ 10 b<\/p>\n<p>&nbsp;<\/td>\n<td valign=\"top\" width=\"195\">\n<p align=\"center\">4860 an 2800<\/p>\n<\/td>\n<td width=\"205\">\n<p align=\"center\">2<\/p>\n<p>&nbsp;<\/td>\n<\/tr>\n<tr>\n<td width=\"104\">\n<p align=\"center\">9 cc\u00a0\/ 10 c<\/p>\n<p>&nbsp;<\/td>\n<td valign=\"top\" width=\"195\">\n<p align=\"center\">6420 an 2800<\/p>\n<\/td>\n<td width=\"205\">\n<p align=\"center\">5<\/p>\n<p>&nbsp;<\/td>\n<\/tr>\n<tr>\n<td width=\"104\">\n<p align=\"center\">9 d \/ 11 a<\/p>\n<p>&nbsp;<\/td>\n<td valign=\"top\" width=\"195\">\n<p align=\"center\">1, 2<\/p>\n<\/td>\n<td width=\"205\">\n<p align=\"center\">2<\/p>\n<p>&nbsp;<\/td>\n<\/tr>\n<tr>\n<td width=\"104\">\n<p align=\"center\">10 a\u00a0\/ 11 ba<\/p>\n<p>&nbsp;<\/td>\n<td valign=\"top\" width=\"195\">\n<p align=\"center\">24.350,00 oder 24.962,20<\/p>\n<\/td>\n<td width=\"205\">\n<p align=\"center\">2<\/p>\n<p align=\"center\">\n<\/td>\n<\/tr>\n<tr>\n<td align=\"center\" valign=\"middle\" width=\"104\">\n<p align=\"center\">10 b \/ 11 bb<\/p>\n<p>&nbsp;<\/td>\n<td align=\"center\" valign=\"middle\" width=\"195\">\n<p align=\"center\">612,20<\/p>\n<p align=\"center\">\n<\/td>\n<td align=\"center\" valign=\"middle\" width=\"205\">\n<p align=\"center\">1<\/p>\n<p align=\"center\">\n<\/td>\n<\/tr>\n<tr>\n<td align=\"center\" valign=\"top\" width=\"104\">\n<p align=\"center\">10 c\u00a0\/ 11 bc<\/p>\n<\/td>\n<td align=\"center\" valign=\"top\" width=\"195\">\n<p align=\"center\">24.962,20<\/p>\n<\/td>\n<td align=\"center\" valign=\"middle\" width=\"205\">\n<p align=\"center\">3<\/p>\n<p align=\"center\">\n<\/td>\n<\/tr>\n<tr>\n<td align=\"center\" valign=\"middle\" width=\"104\">\n<p align=\"center\">11 a \/ 12<\/p>\n<p>&nbsp;<\/td>\n<td align=\"center\" valign=\"middle\" width=\"195\">\n<p align=\"center\">750,00<\/p>\n<p align=\"center\">\n<\/td>\n<td align=\"center\" valign=\"middle\" width=\"205\">\n<p align=\"center\">1, 3<\/p>\n<p align=\"center\">\n<\/td>\n<\/tr>\n<tr>\n<td align=\"center\" valign=\"middle\" width=\"104\">\n<p align=\"center\">11 b \/ 13\u00a0a<\/p>\n<p>&nbsp;<\/td>\n<td align=\"center\" valign=\"middle\" width=\"195\">\n<p align=\"center\">2<\/p>\n<p align=\"center\">\n<\/td>\n<td align=\"center\" valign=\"middle\" width=\"205\">\n<p align=\"center\">3<\/p>\n<p>&nbsp;<\/td>\n<\/tr>\n<tr>\n<td align=\"center\" valign=\"middle\" width=\"104\">\n<p align=\"center\">12 a \/ 13 b<\/p>\n<p>&nbsp;<\/td>\n<td align=\"center\" valign=\"middle\" width=\"195\">\n<p align=\"center\">2.090,00<\/p>\n<p align=\"center\">\n<\/td>\n<td align=\"center\" valign=\"middle\" width=\"205\">\n<p align=\"center\">2<\/p>\n<p align=\"center\">\n<\/td>\n<\/tr>\n<tr>\n<td align=\"center\" valign=\"middle\" width=\"104\">\n<p align=\"center\">12 b \/ 14 a<\/p>\n<p>&nbsp;<\/td>\n<td align=\"center\" valign=\"middle\" width=\"195\">\n<p align=\"center\">55.237,50<\/p>\n<p align=\"center\">\n<\/td>\n<td align=\"center\" valign=\"middle\" width=\"205\">\n<p align=\"center\">2<\/p>\n<p>&nbsp;<\/td>\n<\/tr>\n<tr>\n<td align=\"center\" valign=\"middle\" width=\"104\">\n<p align=\"center\">12 c\u00a0\/ 14 b<\/p>\n<p>&nbsp;<\/td>\n<td align=\"center\" valign=\"middle\" width=\"195\">\n<p align=\"center\">45,50<\/p>\n<p align=\"center\">\n<\/td>\n<td align=\"center\" valign=\"middle\" width=\"205\">\n<p align=\"center\">3<\/p>\n<p align=\"center\">\n<\/td>\n<\/tr>\n<tr>\n<td align=\"center\" valign=\"middle\" width=\"104\">\n<p align=\"center\">13 \/ 15<\/p>\n<p>&nbsp;<\/td>\n<td align=\"center\" valign=\"middle\" width=\"195\">\n<p align=\"center\">2, 3<\/p>\n<p align=\"center\">\n<\/td>\n<td align=\"center\" valign=\"middle\" width=\"205\">\n<p align=\"center\">2, 5<\/p>\n<p>&nbsp;<\/td>\n<\/tr>\n<tr>\n<td align=\"center\" valign=\"middle\" width=\"104\">\n<p align=\"center\">14 a\u00a0\/ 16<\/p>\n<p>&nbsp;<\/td>\n<td align=\"center\" valign=\"middle\" width=\"195\">\n<p align=\"center\">45,00<\/p>\n<p align=\"center\">\n<\/td>\n<td align=\"center\" valign=\"middle\" width=\"205\">\n<p align=\"center\">4<\/p>\n<p>&nbsp;<\/td>\n<\/tr>\n<tr>\n<td align=\"center\" valign=\"middle\" width=\"104\">\n<p align=\"center\">14\u00a0b \/ 17<\/p>\n<p align=\"center\">\n<\/td>\n<td align=\"center\" valign=\"middle\" width=\"195\">\n<p align=\"center\">19,00<\/p>\n<p align=\"center\">\n<\/td>\n<td align=\"center\" valign=\"middle\" width=\"205\">\n<p align=\"center\">3<\/p>\n<p>&nbsp;<\/td>\n<\/tr>\n<tr>\n<td align=\"center\" valign=\"middle\" width=\"104\">\n<p align=\"center\">14 c \/ 18<\/p>\n<p>&nbsp;<\/td>\n<td align=\"center\" valign=\"middle\" width=\"195\">\n<p align=\"center\">1.500,00<\/p>\n<p align=\"center\">\n<\/td>\n<td align=\"center\" valign=\"middle\" width=\"205\">\n<p align=\"center\">2, 4<\/p>\n<p>&nbsp;<\/td>\n<\/tr>\n<tr>\n<td align=\"center\" valign=\"middle\" width=\"104\">\n<p align=\"center\">\u00a0&#8211; \/ 19 a<\/p>\n<p>&nbsp;<\/td>\n<td align=\"center\" valign=\"middle\" width=\"195\">\n<p align=\"center\">&#8211;<\/p>\n<\/td>\n<td align=\"center\" valign=\"middle\" width=\"205\">1, 6<\/td>\n<\/tr>\n<tr>\n<td align=\"center\" valign=\"middle\" width=\"104\">\n<p align=\"center\">&#8211;\u00a0\/ 19 b<\/p>\n<p>&nbsp;<\/td>\n<td align=\"center\" valign=\"middle\" width=\"195\">\n<p align=\"center\">\u00a0&#8211;<\/p>\n<\/td>\n<td align=\"center\" valign=\"middle\" width=\"205\">\n<p align=\"center\">35,5<\/p>\n<p align=\"center\">\n<\/td>\n<\/tr>\n<\/tbody>\n<\/table>\n<p>&nbsp;<\/p>\n<\/div>\n<\/td>\n<\/tr>\n<tr>\n<td valign=\"top\"><img loading=\"lazy\" decoding=\"async\" src=\"http:\/\/buerokaufmann24.de\/images\/i.gif\" alt=\"\" width=\"462\" height=\"1\" \/><\/td>\n<\/tr>\n<\/tbody>\n<\/table>\n<p><img loading=\"lazy\" decoding=\"async\" src=\"http:\/\/buerokaufmann24.de\/designs\/design102\/color2\/images\/i.gif\" alt=\"\" width=\"1\" height=\"15\" \/><img loading=\"lazy\" decoding=\"async\" src=\"http:\/\/buerokaufmann24.de\/designs\/design102\/color2\/images\/i.gif\" alt=\"\" width=\"1\" height=\"10\" \/><\/p>\n","protected":false},"excerpt":{"rendered":"<p>HINWEISE: Es handelt sich um selbst entwickelte L\u00f6sungen (ohne Gew\u00e4hr). Aus Gr\u00fcnden des Urheberschutzes sind wir nicht berechtigt, die entsprechenden Aufgaben zu ver\u00f6ffentlichen. Bitte sehen Sie von entsprechenden Anfragen ab. Vielen Dank! Im Fach &#8222;B\u00fcrowirtschaft&#8220; erfolgt jeweils eine individuelle Auswertung. Allgemeine Fragen zur Pr\u00fcfung Aufgabe Rechnungswesen Wirtschaft- und Sozialkunde 1 \/ 1 a 6080, 2600 [&hellip;]<\/p>\n","protected":false},"author":1,"featured_media":0,"parent":0,"menu_order":50,"comment_status":"closed","ping_status":"open","template":"","meta":{"footnotes":""},"class_list":["post-47","page","type-page","status-publish","hentry"],"_links":{"self":[{"href":"https:\/\/buerokaufmann24.de\/index.php?rest_route=\/wp\/v2\/pages\/47","targetHints":{"allow":["GET"]}}],"collection":[{"href":"https:\/\/buerokaufmann24.de\/index.php?rest_route=\/wp\/v2\/pages"}],"about":[{"href":"https:\/\/buerokaufmann24.de\/index.php?rest_route=\/wp\/v2\/types\/page"}],"author":[{"embeddable":true,"href":"https:\/\/buerokaufmann24.de\/index.php?rest_route=\/wp\/v2\/users\/1"}],"replies":[{"embeddable":true,"href":"https:\/\/buerokaufmann24.de\/index.php?rest_route=%2Fwp%2Fv2%2Fcomments&post=47"}],"version-history":[{"count":4,"href":"https:\/\/buerokaufmann24.de\/index.php?rest_route=\/wp\/v2\/pages\/47\/revisions"}],"predecessor-version":[{"id":217,"href":"https:\/\/buerokaufmann24.de\/index.php?rest_route=\/wp\/v2\/pages\/47\/revisions\/217"}],"wp:attachment":[{"href":"https:\/\/buerokaufmann24.de\/index.php?rest_route=%2Fwp%2Fv2%2Fmedia&parent=47"}],"curies":[{"name":"wp","href":"https:\/\/api.w.org\/{rel}","templated":true}]}}