{"id":38,"date":"2014-03-25T20:38:31","date_gmt":"2014-03-25T18:38:31","guid":{"rendered":"http:\/\/industriekaufmann24.de.w011ba66.kasserver.com\/buerokaufmann24.de\/?page_id=38"},"modified":"2014-07-08T11:13:20","modified_gmt":"2014-07-08T09:13:20","slug":"weiterbildung","status":"publish","type":"page","link":"https:\/\/buerokaufmann24.de\/?page_id=38","title":{"rendered":"Weiterbildung"},"content":{"rendered":"<h2><\/h2>\n<p>In vielen F\u00e4llen haben Andere den Auszubildenden zur Wahl dieses Ausbildungsberufes ermutigt. Gegen Ende der Ausbildung stellt sich h\u00e4ufig die Frage, auf welchem Weg die Weiterbildung erfolgen sollte.<\/p>\n<p>St\u00e4ndige Weiterbildung ist eine Voraussetzung f\u00fcr den B\u00fcrokaufmann, um den sich st\u00e4ndig ver\u00e4ndernden Bedingungen gerecht zu werden.<\/p>\n<p><b>Unser Tipp:\u00a0\u00a0\u00a0<\/b>Fangen Sie direkt nach der Ausbildung mit der Weiterqualifikation an. Das hat den\u00a0Vorteil, dass Sie noch eher im Lernprozess stecken und zudem viele Inhaltsbereiche\u00a0aus Pr\u00fcfung und Schule noch pr\u00e4sent sind.<br \/>\nWenn Sie von Ihrem Ausbildungsbetrieb \u00fcbernommen werden sollten, bieten sich h\u00e4ufig nebenberufliche Weiterbildungen an, wie z. B. Abendstudium an Verwaltungs- und Wirtschaftsakademien, IHK-Kurse oder Fernstudieng\u00e4nge. So k\u00f6nnen Sie Ihre praktischen Erfahrungen sammeln, Geld verdienen<img decoding=\"async\" src=\"http:\/\/cdncache-a.akamaihd.net\/items\/it\/img\/arrow-10x10.png\" alt=\"\" \/> und sich gleichzeitig weiter qualifizieren.<\/p>\n<p>Die zeitliche Belastung ist aber relativ hoch. Kl\u00e4ren Sie daher unbedingt vorher ab, ob Sie diesen Weg wirklich gehen wollen und ob Ihr privates Umfeld (Familie, Partner, Freunde) Sie unterst\u00fctzen wird.<\/p>\n<p>Vielleicht finden Sie ja einen Freund oder Bekannten, der mit Ihnen gemeinsam diesen\u00a0Weg einschl\u00e4gt. So kann man sich ideal gegenseitig helfen!<\/p>\n<p><strong>Unser Tipp:<\/strong> Nach der Entscheidung f\u00fcr einen Weiterbildungsweg stehen Sie vor der n\u00e4chsten Herausforderung: Sie m\u00fcssen Sie f\u00fcr einen Bildungsanbieter entscheiden.Die Vielzahl der Anbieter und Organisationsformen macht es nicht gerade einfach. Wenn Sie aber die Fragen oben f\u00fcr sich gekl\u00e4rt haben, werden Sie Ihren Anbieter leicht finden.<\/p>\n<p>Lassen Sie sich mit der Auswahl ruhig Zeit. Sprechen Sie mit den jeweiligen Beratern und ehemaligen Teilnehmern, pr\u00fcfen Sie das inhaltliche und methodische Konzept. Machen Sie sich ein Bild von den R\u00e4umen, den Lernunterlagen und den Dozenten. Bei Pr\u00e4senzkursen sollten Sie sich ruhig die Zeit f\u00fcr einen Test-Besuch bei einem laufenden Kurs nehmen.<\/p>\n<p>Hier eine Auswahl von typischen Weiterbildungsm\u00f6glichkeiten des B\u00fcrokaufmanns:<\/p>\n<p>\u00b7\u00a0\u00a0Staatlich gepr\u00fcfter Betriebswirt (B\u00fcrokommunikation, Personalwirtschaft)<br \/>\n\u00b7 \u00a0Betriebswirtin (u. a. IHK, VWA)<br \/>\n\u00b7\u00a0\u00a0\u00a0Fachkauffrau (u. a. f\u00fcr B\u00fcromanagement, Organisation, Personal, Einkauf und Logistik, Vertrieb)<br \/>\n\u00b7\u00a0Betriebswirt f\u00fcr Kommunikation und B\u00fcromanagement<br \/>\n\u00b7\u00a0\u00a0\u00a0B\u00fcrofachwirtin (Handwerkskammer)<br \/>\n\u00b7\u00a0\u00a0\u00a0Wirtschaftsfachwirt<br \/>\n\u00b7\u00a0\u00a0\u00a0Europ\u00e4isches Office-Management<br \/>\n\u00b7\u00a0\u00a0\u00a0Bilanzbuchhalterin<br \/>\n\u00b7\u00a0\u00a0\u00a0Gepr\u00fcfter Sekret\u00e4r<br \/>\n\u00b7\u00a0\u00a0\u00a0Bachelorstudium im Bereich Wirtschaftswissenschaften (Abschluss: Bachelor of Science)<br \/>\n\u00b7\u00a0\u00a0 Masterstudium im Bereich Wirtschaftswissenschaften (Abschluss: Master of Science + jeweilige Fachrichtung)<\/p>\n<p>Kl\u00e4ren Sie unbedingt die Frage, was Sie erreichen wollen und wie Ihr Ziel aussieht!<\/p>\n<p>Wenn Sie vorab folgende Fragen beantworten, finden Sie leichter das passende Angebot:<\/p>\n<p>\u00b7\u00a0\u00a0\u00a0\u00a0Was wollen Sie erreichen? Wo sehen Sie sich in\u00a0etwa 5 Jahren?<br \/>\n\u00b7\u00a0\u00a0 Ben\u00f6tigen Sie einen zertifizierten Abschluss (Diplom, IHK-Abschluss etc.)?<br \/>\n\u00b7\u00a0\u00a0\u00a0\u00a0Wie viel Zeit wollen Sie f\u00fcr Ihre Weiterbildung investieren?<br \/>\n\u00b7\u00a0\u00a0\u00a0\u00a0Wie viel Geld k\u00f6nnen Sie f\u00fcr Ihre Weiterbildung aufbringen?<br \/>\n\u00b7\u00a0\u00a0\u00a0\u00a0Bringen Sie die notwendigen Voraussetzungen f\u00fcr den Bildungsgang mit?<br \/>\n\u00b7\u00a0\u00a0\u00a0\u00a0Unterst\u00fctzt Sie Ihr Umfeld (Partner, Kinder, Eltern, Sportverein, Freunde etc.)<br \/>\nbei Ihrer\u00a0Weiterbildung?<br \/>\n\u00b7\u00a0\u00a0\u00a0\u00a0\u00a0Lernen Sie besser in einer Gruppe?<br \/>\n\u00b7\u00a0\u00a0\u00a0\u00a0\u00a0Inwieweit k\u00f6nnen Sie selbstdiszipliniert sein?<\/p>\n<p>In vielen F\u00e4llen haben Andere den Auszubildenden zur Wahl dieses Ausbildungsberufes ermutigt. Gegen Ende der Ausbildung stellt sich h\u00e4ufig die Frage, auf welchem Weg die Weiterbildung erfolgen sollte.<\/p>\n","protected":false},"excerpt":{"rendered":"<p>In vielen F\u00e4llen haben Andere den Auszubildenden zur Wahl dieses Ausbildungsberufes ermutigt. Gegen Ende der Ausbildung stellt sich h\u00e4ufig die Frage, auf welchem Weg die Weiterbildung erfolgen sollte. St\u00e4ndige Weiterbildung ist eine Voraussetzung f\u00fcr den B\u00fcrokaufmann, um den sich st\u00e4ndig ver\u00e4ndernden Bedingungen gerecht zu werden. Unser Tipp:\u00a0\u00a0\u00a0Fangen Sie direkt nach der Ausbildung mit der Weiterqualifikation [&hellip;]<\/p>\n","protected":false},"author":1,"featured_media":0,"parent":13,"menu_order":6,"comment_status":"closed","ping_status":"open","template":"","meta":{"footnotes":""},"class_list":["post-38","page","type-page","status-publish","hentry"],"_links":{"self":[{"href":"https:\/\/buerokaufmann24.de\/index.php?rest_route=\/wp\/v2\/pages\/38","targetHints":{"allow":["GET"]}}],"collection":[{"href":"https:\/\/buerokaufmann24.de\/index.php?rest_route=\/wp\/v2\/pages"}],"about":[{"href":"https:\/\/buerokaufmann24.de\/index.php?rest_route=\/wp\/v2\/types\/page"}],"author":[{"embeddable":true,"href":"https:\/\/buerokaufmann24.de\/index.php?rest_route=\/wp\/v2\/users\/1"}],"replies":[{"embeddable":true,"href":"https:\/\/buerokaufmann24.de\/index.php?rest_route=%2Fwp%2Fv2%2Fcomments&post=38"}],"version-history":[{"count":2,"href":"https:\/\/buerokaufmann24.de\/index.php?rest_route=\/wp\/v2\/pages\/38\/revisions"}],"predecessor-version":[{"id":212,"href":"https:\/\/buerokaufmann24.de\/index.php?rest_route=\/wp\/v2\/pages\/38\/revisions\/212"}],"up":[{"embeddable":true,"href":"https:\/\/buerokaufmann24.de\/index.php?rest_route=\/wp\/v2\/pages\/13"}],"wp:attachment":[{"href":"https:\/\/buerokaufmann24.de\/index.php?rest_route=%2Fwp%2Fv2%2Fmedia&parent=38"}],"curies":[{"name":"wp","href":"https:\/\/api.w.org\/{rel}","templated":true}]}}