{"id":36,"date":"2014-03-25T20:37:46","date_gmt":"2014-03-25T18:37:46","guid":{"rendered":"http:\/\/industriekaufmann24.de.w011ba66.kasserver.com\/buerokaufmann24.de\/?page_id=36"},"modified":"2014-07-08T11:12:34","modified_gmt":"2014-07-08T09:12:34","slug":"pruefung","status":"publish","type":"page","link":"https:\/\/buerokaufmann24.de\/?page_id=36","title":{"rendered":"Pr\u00fcfung"},"content":{"rendered":"<p>Der Abschluss B\u00fcrokaufmann\/B\u00fcrokauffrau ist staatlich anerkannt und einer der\u00a0kaufm\u00e4nnischen Ausbildungsberufe mit sehr vielen Auszubildenden. Im Jahr 1991 ist diese Ausbildung zuletzt reformiert und modernisiert worden.<\/p>\n<p>Nach der H\u00e4lfte der Ausbildung wird zun\u00e4chst eine <b>Zwischenpr\u00fcfung<\/b> absolviert. F\u00fcr die Auszubildenden, die den Industrie- und Handelskammern (IHK) zugeordnet sind, ist die Pr\u00fcfung bundeseinheitlich. Das bedeutet, dass die Pr\u00fcfung\u00a0Multiple Choice Aufgaben beinhaltet. Dabei soll zum Beispiel aus f\u00fcnf Antwortm\u00f6glichkeiten\u00a0die richtige Antwort angegeben werden. Die Aufgaben stellen dabei praxisbezogene Aufgaben und F\u00e4lle dar.<\/p>\n<p>Wer seine Ausbildung in einem Handwerksbetrieb absolviert, wird von der jeweiligen Handwerkskammer (HWK) gepr\u00fcft. Je nach Bezirk sind die Zwischenpr\u00fcfungen entweder mit den IHK-Aufgaben identisch oder es werden jeweils eigenst\u00e4ndige Pr\u00fcfungen entwickelt. In den von der jeweiligen HWK entwickelten Pr\u00fcfung werden insbesondere ungebundene Aufgabenstellungen verwendet, so dass der Pr\u00fcfling eine eigene Antwort formulieren muss.<br \/>\nDie Zwischenpr\u00fcfung dauert \u00a0120 Minuten und beinhaltet ca. 60 gebundene Aufgaben aus den Bereichen \u201eB\u00fcrowirtschaft\u201c, \u201eRechnungswesen\u201c sowie \u201eWirtschafts- und Sozialkunde\u201c. Auch Lerninhalte der Berufsschule sind Gegenstand der Pr\u00fcfung.<br \/>\nDiese Pr\u00fcfung dient dem Auszubildenden insbesondere zur \u00dcberpr\u00fcfung des eigenen Leistungsstandes. Durchfallen kann man hier nicht. Das Ergebnis geht auch nicht in das Ergebnis der Abschlusspr\u00fcfung ein. Allerdings ist die blo\u00dfe Teilnahme Voraussetzung f\u00fcr die sp\u00e4tere Teilnahme an der Abschlusspr\u00fcfung.<\/p>\n<p>Zur besseren Beurteilung der erbrachten Leistungen werden die pr\u00fcfungsrelevanten Themen nach <b>Funktionen <\/b>zusammengefasst. Diese Funktionen sind auf der <b>R\u00fcckseite <\/b>der jeweiligen Auswertung abgedruckt:<\/p>\n<p><b>B\u00fcrowirtschaft<\/b><\/p>\n<p>01 Leistungserstellung und Leistungsverwertung<br \/>\n02 Betriebliche Organisation und Funktionszusammenh\u00e4nge<br \/>\n03 Organisation des Arbeitsplatzes<br \/>\n04 Arbeits- und Organisationsmittel<br \/>\n05 B\u00fcrowirtschaftliche Abl\u00e4ufe<br \/>\n06 B\u00fcrokommunikationstechniken, Textverarbeitung<\/p>\n<p><b>Rechnungswesen<\/b><\/p>\n<p>07 Statistik<br \/>\n08 Kaufm\u00e4nnische Steuerung und Kontrolle<br \/>\n09 Auftrags- und Rechnungsbearbeitung<br \/>\n10 Lagerhaltung<\/p>\n<p><b>Wirtschafts- und Sozialkunde<\/b><\/p>\n<p>11 Grundlagen des Wirtschaftens und rechtliche Rahmenbedingungen<br \/>\n12 Stellung des Ausbildungsbetriebes in der Gesamtwirtschaft<br \/>\n13 Menschliche Arbeit im Betrieb, Berufsbildung<br \/>\n14 Arbeitssicherheit, Umweltschutz und rationelle Energieverwendung<br \/>\n15 Berufsbezogenes Rechnen<\/p>\n<p>Der Aufgabensatz der Zwischenpr\u00fcfung ist ebenfalls funktional aufgebaut. F\u00fcr jede Funktion sind mehrere, mindestens jedoch zwei Aufgaben zu bearbeiten.<\/p>\n<p>Im Anschluss an die Pr\u00fcfung erhalten Sie nach einiger Zeit von der Industrie- und Handelskammer bzw. Handwerkskammer eine Teilnahmebescheinigung.<\/p>\n<p>Hier finden Sie die Funktionen aufgef\u00fchrt, wobei zus\u00e4tzlich die Zahl der Aufgaben<b> <\/b>eingedruckt ist, die je Funktion im Aufgabensatz der Zwischenpr\u00fcfung enthalten waren. Ihr Ergebnis ergibt sich in der Gegen\u00fcberstellung mit der Aufgabenzahl, die in der Pr\u00fcfung richtig gel\u00f6st wurden.<\/p>\n<p>Hierdurch l\u00e4sst sich erkennen, bei welchen Themen besondere Schw\u00e4chen bestehen.<\/p>\n<p>Um sich besser einsch\u00e4tzen zu k\u00f6nnen, wird auf der Teilnahmebescheinigung angegeben, wie vielen Punkten die Zahl der richtig gel\u00f6sten Aufgaben entspricht. Weiterhin wird angegeben, wie viele Punkte von allen Pr\u00fcfungsteilnehmern des Ausbildungsberufs im Durchschnitt im jeweiligen Kammerbezirk erreicht wurden.<\/p>\n<p>Zu Beginn des letzten Ausbildungshalbjahrs erfolgt die <b>Abschlusspr\u00fcfung<\/b> vor der Industrie- und Handelskammer oder vor der Handwerkskammer. Die Pr\u00fcfung besteht aus einer schriftlichen und einer praktischen bzw. m\u00fcndlichen Pr\u00fcfung.<\/p>\n<p>Im schriftlichen Teil werden in zwei aufeinander folgenden Tagen folgende F\u00e4cher gepr\u00fcft:<\/p>\n<p>\u00b7\u00a0\u00a0\u00a0\u00a0\u00a0\u00a0B\u00fcrowirtschaft<\/p>\n<p>\u00b7\u00a0\u00a0\u00a0\u00a0\u00a0\u00a0 Rechnungswesen<\/p>\n<p>\u00b7\u00a0\u00a0\u00a0\u00a0\u00a0\u00a0 Wirtschafts- und Sozialkunde<\/p>\n<p>Der vierte Teil der Pr\u00fcfung umfasst den Bereich Informationsverarbeitung. Mit einer Aufgabe wird in 45 Minuten Textverarbeitung, in 60 Minuten mit zwei Aufgaben Tabellenkalkulation gepr\u00fcft. Die Aufgabe sowie die L\u00f6sungen stellen dann den Ausgangspunkt f\u00fcr das anschlie\u00dfende Pr\u00fcfungsgespr\u00e4ch von ca. 30 Minuten dar.<br \/>\nAlle drei schriftlichen Pr\u00fcfungsteile und die praktische und m\u00fcndliche Pr\u00fcfung werden nach der Zeugnisskala 1 bis 6 benotet. Die Zuordnung erfolgt nach folgendem Notenschl\u00fcssel:<\/p>\n<p>F\u00fcnfter Teil der Pr\u00fcfung ist die m\u00fcndliche Pr\u00fcfung. Diese findet am Ende der Ausbildung statt.<\/p>\n<p>Der Auszubildende w\u00e4hlt dabei aus zwei praxisbezogenen Aufgaben eine Aufgabe aus, die er dann bearbeitet. Inhalt der Aufgaben ergeben sich insbesondere aus den Themengebieten B\u00fcroorganisation, Auftrags- und Rechnungsbearbeitung sowie Lagerhaltung. F\u00fcr die Vorbereitung der Aufgabe hat er dann 15 Minuten Zeit.<\/p>\n<p>&nbsp;<\/p>\n<p>&nbsp;<\/p>\n<table border=\"1\" width=\"100%\" cellspacing=\"0\" cellpadding=\"0\">\n<tbody>\n<tr>\n<td valign=\"top\" width=\"127\">\n<p align=\"center\"><strong>Prozent von\u2026 <\/strong><\/p>\n<\/td>\n<td valign=\"top\" width=\"72\">\n<p align=\"center\"><strong>\u2026bis<\/strong><\/p>\n<\/td>\n<td valign=\"top\" width=\"180\">\n<p align=\"center\"><strong>Note<\/strong><\/p>\n<\/td>\n<\/tr>\n<tr>\n<td valign=\"top\" width=\"127\">\n<p align=\"center\">100<\/p>\n<\/td>\n<td valign=\"top\" width=\"72\">\n<p align=\"center\">92<\/p>\n<\/td>\n<td valign=\"top\" width=\"180\">\n<p align=\"center\">1 &#8211; Sehr gut<\/p>\n<\/td>\n<\/tr>\n<tr>\n<td valign=\"top\" width=\"127\">\n<p align=\"center\">91<\/p>\n<\/td>\n<td valign=\"top\" width=\"72\">\n<p align=\"center\">82<\/p>\n<\/td>\n<td valign=\"top\" width=\"180\">\n<p align=\"center\">2 &#8211; Gut<\/p>\n<\/td>\n<\/tr>\n<tr>\n<td valign=\"top\" width=\"127\">\n<p align=\"center\">81<\/p>\n<\/td>\n<td valign=\"top\" width=\"72\">\n<p align=\"center\">67<\/p>\n<\/td>\n<td valign=\"top\" width=\"180\">\n<p align=\"center\">3 &#8211; Befriedigend<\/p>\n<\/td>\n<\/tr>\n<tr>\n<td valign=\"top\" width=\"127\">\n<p align=\"center\">66<\/p>\n<\/td>\n<td valign=\"top\" width=\"72\">\n<p align=\"center\">50<\/p>\n<\/td>\n<td valign=\"top\" width=\"180\">\n<p align=\"center\">4 &#8211; Ausreichend<\/p>\n<\/td>\n<\/tr>\n<tr>\n<td valign=\"top\" width=\"127\">\n<p align=\"center\">49<\/p>\n<\/td>\n<td valign=\"top\" width=\"72\">\n<p align=\"center\">30<\/p>\n<\/td>\n<td valign=\"top\" width=\"180\">\n<p align=\"center\">5 &#8211; Mangelhaft<\/p>\n<\/td>\n<\/tr>\n<tr>\n<td valign=\"top\" width=\"127\">\n<p align=\"center\">29<\/p>\n<\/td>\n<td valign=\"top\" width=\"72\">\n<p align=\"center\">0<\/p>\n<\/td>\n<td valign=\"top\" width=\"180\">\n<p align=\"center\">6 &#8211; Ungen\u00fcgend<\/p>\n<\/td>\n<\/tr>\n<\/tbody>\n<\/table>\n<p>Dieser Notenschl\u00fcssel wird in der Regel auch f\u00fcr Klassenarbeiten in der Berufsschule eingesetzt. Bei der Ermittlung des Gesamtergebnisses der Pr\u00fcfung werden die einzelnen Pr\u00fcfungsteile folgenderma\u00dfen gewichtet:<\/p>\n<p>&nbsp;<\/p>\n<table border=\"1\" width=\"100%\" cellspacing=\"0\" cellpadding=\"0\">\n<tbody>\n<tr>\n<td valign=\"top\" width=\"31\"><strong>Nr.<br \/>\n<\/strong><\/td>\n<td valign=\"top\" width=\"250\"><strong>Bereich <\/strong><\/td>\n<td valign=\"top\" width=\"98\"><strong>Dauer <\/strong><\/td>\n<td valign=\"top\" width=\"102\"><strong>Art<\/strong><\/td>\n<td valign=\"top\" width=\"126\"><strong>Gewichtungsfaktor <\/strong><\/td>\n<\/tr>\n<tr>\n<td valign=\"top\" width=\"31\">1&nbsp;<\/td>\n<td valign=\"top\" width=\"250\">B\u00fcrowirtschaft<\/td>\n<td valign=\"top\" width=\"98\">\n<p align=\"center\">60 Minuten<\/p>\n<\/td>\n<td valign=\"top\" width=\"102\">\n<p align=\"center\"><b>ungebunden<\/b><\/p>\n<\/td>\n<td valign=\"top\" width=\"126\">\n<p align=\"center\"><b>1 <\/b><\/p>\n<\/td>\n<\/tr>\n<tr>\n<td valign=\"top\" width=\"31\">2&nbsp;<\/td>\n<td valign=\"top\" width=\"250\">Rechnungswesen&nbsp;<\/td>\n<td valign=\"top\" width=\"98\">\n<p align=\"center\">90 Minuten<\/p>\n<\/td>\n<td valign=\"top\" width=\"102\">\n<p align=\"center\"><b>IHK: gebunden, HWK: offen<\/b><\/p>\n<\/td>\n<td valign=\"top\" width=\"126\">\n<p align=\"center\"><b>1<\/b><\/p>\n<\/td>\n<\/tr>\n<tr>\n<td valign=\"top\" width=\"31\">3&nbsp;<\/td>\n<td valign=\"top\" width=\"250\">Wirtschafts- und Sozialkunde<\/td>\n<td valign=\"top\" width=\"98\">\n<p align=\"center\">60 Minuten<\/p>\n<\/td>\n<td valign=\"top\" width=\"102\">\n<p align=\"center\"><b>IHK: gebunden, HWK: offen<\/b><\/p>\n<\/td>\n<td valign=\"top\" width=\"126\">\n<p align=\"center\"><b>1<\/b><\/p>\n<\/td>\n<\/tr>\n<tr>\n<td valign=\"top\" width=\"31\">4<\/td>\n<td valign=\"top\" width=\"250\">Praktische Pr\u00fcfung: Informationsverarbeitung<\/td>\n<td valign=\"top\" width=\"98\">\n<p align=\"center\">105 Minute<\/p>\n<p>&nbsp;<\/td>\n<td valign=\"top\" width=\"102\">\n<p align=\"center\"><b>ungebunden<\/b><\/p>\n<p>&nbsp;<\/td>\n<td valign=\"top\" width=\"126\">\n<p align=\"center\"><b>1<\/b><\/p>\n<\/td>\n<\/tr>\n<tr>\n<td valign=\"top\" width=\"31\">5&nbsp;<\/td>\n<td valign=\"top\" width=\"250\">Praktische Pr\u00fcfung: Auftragsbearbeitung und B\u00fcroorganisation<\/td>\n<td valign=\"top\" width=\"98\">\n<p align=\"center\">45 Minuten<\/p>\n<\/td>\n<td valign=\"top\" width=\"102\">\n<p align=\"center\"><b>m\u00fcndliche<\/b><\/p>\n<\/td>\n<td valign=\"top\" width=\"126\">\n<p align=\"center\"><b>2<\/b><\/p>\n<\/td>\n<\/tr>\n<tr>\n<td valign=\"top\" width=\"31\"><\/td>\n<td valign=\"top\" width=\"250\"><\/td>\n<td valign=\"top\" width=\"98\">\n<p align=\"center\">SUMME<\/p>\n<\/td>\n<td valign=\"top\" width=\"102\">&nbsp;<\/td>\n<td valign=\"top\" width=\"126\">\n<p align=\"center\">6<\/p>\n<\/td>\n<\/tr>\n<\/tbody>\n<\/table>\n<p>F\u00fcr die Berechnung des Gesamtergebnisses werden die Ergebnisse entsprechend gewichtet und addiert.<\/p>\n<p>Beispiel:<\/p>\n<p>&nbsp;<\/p>\n<table border=\"1\" width=\"86%\" cellspacing=\"0\" cellpadding=\"0\">\n<tbody>\n<tr>\n<td valign=\"top\" width=\"30\"><strong>Nr. <\/strong><\/td>\n<td valign=\"top\" width=\"203\"><strong>Bereich<\/strong>&nbsp;<\/td>\n<td valign=\"top\" width=\"100\"><strong>Gewichtung <\/strong>&nbsp;<\/td>\n<td valign=\"top\" width=\"80\">\n<p align=\"center\"><strong>Ergebnis<br \/>\n(in %) <\/strong><\/p>\n<\/td>\n<td valign=\"top\" width=\"110\">\n<p align=\"center\"><strong>Wert<\/strong><\/p>\n<\/td>\n<\/tr>\n<tr>\n<td valign=\"top\" width=\"30\">1<\/td>\n<td valign=\"top\" width=\"203\">B\u00fcrowirtschaft&nbsp;<\/td>\n<td valign=\"top\" width=\"100\">\n<p align=\"center\">1<\/p>\n<p>&nbsp;<\/td>\n<td valign=\"top\" width=\"80\">\n<p align=\"center\">77<\/p>\n<p>&nbsp;<\/td>\n<td valign=\"top\" width=\"110\">\n<p align=\"center\">77<\/p>\n<\/td>\n<\/tr>\n<tr>\n<td valign=\"top\" width=\"30\">2<\/td>\n<td valign=\"top\" width=\"203\">Rechnungswesen<\/td>\n<td valign=\"top\" width=\"100\">\n<p align=\"center\">1<\/p>\n<\/td>\n<td valign=\"top\" width=\"80\">\n<p align=\"center\">73<\/p>\n<\/td>\n<td valign=\"top\" width=\"110\">\n<p align=\"center\">73<\/p>\n<p>&nbsp;<\/td>\n<\/tr>\n<tr>\n<td valign=\"top\" width=\"30\">3&nbsp;<\/td>\n<td valign=\"top\" width=\"203\">Wirtschafts- und Sozialkunde&nbsp;<\/td>\n<td valign=\"top\" width=\"100\">\n<p align=\"center\">1<\/p>\n<\/td>\n<td valign=\"top\" width=\"80\">\n<p align=\"center\">80<\/p>\n<p>&nbsp;<\/td>\n<td valign=\"top\" width=\"110\">\n<p align=\"center\">80<\/p>\n<p>&nbsp;<\/td>\n<\/tr>\n<tr>\n<td valign=\"top\" width=\"30\"><\/td>\n<td valign=\"top\" width=\"203\">Ergebnis der<br \/>\n<b>schriftlichen<\/b> Pr\u00fcfung&nbsp;<\/td>\n<td valign=\"top\" width=\"100\">&nbsp;<\/td>\n<td valign=\"top\" width=\"80\">\n<p align=\"center\">230<\/p>\n<p>&nbsp;<\/td>\n<td valign=\"top\" width=\"110\">\n<p align=\"center\">230\/3<br \/>\n= 76,7 %<br \/>\n= befriedigend<\/p>\n<\/td>\n<\/tr>\n<tr>\n<td valign=\"top\" width=\"30\">4<\/td>\n<td valign=\"top\" width=\"203\">Praktische Pr\u00fcfung: Informationsverarbeitung&nbsp;<\/td>\n<td valign=\"top\" width=\"100\">\n<p align=\"center\">1<\/p>\n<\/td>\n<td valign=\"top\" width=\"80\">\n<p align=\"center\">83<\/p>\n<\/td>\n<td valign=\"top\" width=\"110\">\n<p align=\"center\">83<\/p>\n<p align=\"center\">\n<\/td>\n<\/tr>\n<tr>\n<td valign=\"top\" width=\"30\">5<\/td>\n<td valign=\"top\" width=\"203\">Praktische Pr\u00fcfung: Auftragsbearbeitung und B\u00fcroorganisation&nbsp;<\/td>\n<td valign=\"top\" width=\"100\">\n<p align=\"center\">2<\/p>\n<\/td>\n<td valign=\"top\" width=\"80\">\n<p align=\"center\">81<\/p>\n<\/td>\n<td valign=\"top\" width=\"110\">\n<p align=\"center\">162<\/p>\n<\/td>\n<\/tr>\n<tr>\n<td valign=\"top\" width=\"30\"><\/td>\n<td valign=\"top\" width=\"203\">Ergebnis der<br \/>\n<b>praktischen<\/b> Pr\u00fcfung<\/td>\n<td valign=\"top\" width=\"100\"><\/td>\n<td valign=\"top\" width=\"80\">&nbsp;<\/td>\n<td valign=\"top\" width=\"110\">\n<p align=\"center\">245\/3<br \/>\n= 81,7 %<br \/>\n= gut<\/p>\n<\/td>\n<\/tr>\n<tr>\n<td valign=\"top\" width=\"30\">&nbsp;<\/td>\n<td valign=\"top\" width=\"203\">Bestimmung des Gesamtergebnisses&nbsp;<\/td>\n<td valign=\"top\" width=\"100\"><\/td>\n<td valign=\"top\" width=\"80\">&nbsp;<\/td>\n<td valign=\"top\" width=\"110\">\n<p align=\"center\">(76,7 + 81,7) \/ 2<br \/>\n= 79,2 %<br \/>\n= befriedigend<\/p>\n<\/td>\n<\/tr>\n<\/tbody>\n<\/table>\n<p>Die Regelung f\u00fcr das Bestehen der gesamten Pr\u00fcfung ergibt sich aus \u00a7 8 der Ausbildungsordnung.<\/p>\n<p>Demnach sind folgende Bedingungen f\u00fcr das Bestehen der kaufm\u00e4nnischen Abschlusspr\u00fcfung einzuhalten:<\/p>\n<p>\u00b7\u00a0\u00a0\u00a0\u00a0\u00a0\u00a0\u00a0\u00a0 Kein Pr\u00fcfungsfach darf mit der Note \u201eungen\u00fcgend\u201c bewertet werden<\/p>\n<p>\u00b7\u00a0\u00a0\u00a0\u00a0\u00a0\u00a0\u00a0\u00a0 Mindestens \u201eausreichend\u201c in mindestens zwei der drei schriftlichen Pr\u00fcfungsf\u00e4cher (Nr. 1 \u2013 3)<\/p>\n<p>\u00b7\u00a0\u00a0\u00a0\u00a0\u00a0\u00a0\u00a0\u00a0 Mindestens \u201eausreichend\u201c im Gesamtergebnis der schriftlichen Pr\u00fcfung (Berechnung: [Nr. 1. + Nr. 2 + Nr. 3] \/ 3),<\/p>\n<p>\u00b7\u00a0\u00a0\u00a0\u00a0\u00a0\u00a0\u00a0\u00a0 Mindestens \u201eausreichend\u201c in der praktischen Pr\u00fcfung (Nr. 4. + [Nr. 5 x 2] \/ 3),<\/p>\n<p>Bei Bestehen der Pr\u00fcfung erh\u00e4lt der Pr\u00fcfling sein Zeugnis in Form eines Kaufmannsgehilfenbriefes. Dieses Zeugnis ist einheitlich f\u00fcr das Bundesgebiet\u00a0und wird international anerkannt.<\/p>\n<p>Meist ist mit dem Bestehen der m\u00fcndlichen Pr\u00fcfung\u00a0die Ausbildung beendet.<\/p>\n<p>&nbsp;<\/p>\n<p>&nbsp;<\/p>\n<p><b>Informationen der AKA zum Fach Informationsverarbeitung der B\u00fcroberufe<\/b><\/p>\n<p><b>Nr. 5\/08<\/b> (Quelle: <a href=\"http:\/\/www.aka-nuernberg.de\/\">www.aka-nuernberg.de<\/a>)<\/p>\n<p>Fach Informationsverarbeitung \u2013 Einsatz einer Musterdatenbank<\/p>\n<p>Ab dem Pr\u00fcfungstermin Sommer 2009 K\u00d6NNEN die Pr\u00fcfungsaufgaben auf der Grundlage eines vorgegebenen Datenmaterials gestellt werden. Betroffen sind sowohl die Aufgaben zur Textverarbeitung als auch die Aufgaben zur Tabellenkalkulation.<\/p>\n<p>Die Dateien stehen ab dem 1. Februar 2009 auf der Homepage der AkA unter dem Link \u201eDownload\u201c (wie die Vorlagendateien) zur Verf\u00fcgung. Es wird sich um Exceldateien (z. B. Daten \u00fcber Lieferanten, Artikel, Kunden) oder Worddateien (z. B. Vordrucke, AGB) handeln. Damit soll eine praxis- und handlungsorientierte Aufgabenstellung erreicht werden.<\/p>\n<p>Falls es in der Aufgabenstellung vorgesehen ist, sind die Daten aus diesen Dateien von den Pr\u00fcfungsteilnehmern\/-innen zu verwenden. Vonseiten der Kammern ist daher sicherzustellen, dass die Dateien an den jeweiligen Pr\u00fcforten rechtzeitig und zu jedem Pr\u00fcfungstermin zur Verf\u00fcgung stehen.<\/p>\n<p>&nbsp;<\/p>\n<p><b>Nr. 1\/08<\/b> (Quelle: <a href=\"http:\/\/www.aka-nuernberg.de\/\">www.aka-nuernberg.de<\/a>)<\/p>\n<p>1. Erl\u00e4uterungen zur \u201eBefehlsliste\u201c<\/p>\n<p>Der in der Liste f\u00fcr \u201ePr\u00fcfungsrelevante Befehle bei der Textverarbeitung\u201c angegebene Befehl<\/p>\n<p>\u201eFelder einf\u00fcgen\u201c bezieht sich auf die Kategorien:<\/p>\n<p>&#8211; Datum und Uhrzeit<\/p>\n<p>&#8211; Dokumentinformation<\/p>\n<p>&#8211; Nummerierung<\/p>\n<p>&#8211; Seriendruck<\/p>\n<p>&#8211; Verkn\u00fcpfung und Verweise<\/p>\n<p>2. Bearbeitungshinweis zur dritten Aufgabe (Diagrammaufgabe) beim Ausbildungsberuf B\u00fcrokaufmann\/B\u00fcrokauffrauTeil dieser Aufgabe ist eine vom Pr\u00fcfling zu verfassende Stellungnahme. Da diese einen wesentlichen (ca. ein Drittel) Anteil an der Gesamtpunktzahl ausmacht, ist auf eine ausf\u00fchrliche Bearbeitung hinzuweisen.<\/p>\n<p>3. Ge\u00e4nderte Vorlagendateien (Briefvorlagen f\u00fcr die Textverarbeitung) ab 01.02.2008Ab diesem Datum stehen die ge\u00e4nderten Dateien (*.doc und *.dot) f\u00fcr die Textverarbeitung als Download auf der AkA-Homepage zur Verf\u00fcgung. In den Vorlagendateien wurden u. a. die Stopp-Codes\/Sprungmarken entfernt und unterschiedliche Formatierungen angepasst. Diese sind erstmalig zu Abschlusspr\u00fcfung Sommer 2008 pr\u00fcfungsrelevant. Die bisherigen Vorlagendateien k\u00f6nnen nicht mehr verwendet werden.<\/p>\n<p>4. Office-Version 2000 als Mindestanforderung ab Sommer 2008Ab dem Pr\u00fcfungstermin Sommer 2008 verlangen die L\u00f6sungen zu den Aufgabenstellungen als Mindestanforderung den Funktionsumfang von Office-Version 2000.<\/p>\n<p>5. Formularerstellung ab der Winterpr\u00fcfung 2008\/09Ab der Winterpr\u00fcfung 2008\/09 sind auch die Formularfelder in der Vordruckerstellung pr\u00fcfungsrelevant (siehe Symbolleiste: Formular).<\/p>\n","protected":false},"excerpt":{"rendered":"<p>Der Abschluss B\u00fcrokaufmann\/B\u00fcrokauffrau ist staatlich anerkannt und einer der\u00a0kaufm\u00e4nnischen Ausbildungsberufe mit sehr vielen Auszubildenden. Im Jahr 1991 ist diese Ausbildung zuletzt reformiert und modernisiert worden. Nach der H\u00e4lfte der Ausbildung wird zun\u00e4chst eine Zwischenpr\u00fcfung absolviert. F\u00fcr die Auszubildenden, die den Industrie- und Handelskammern (IHK) zugeordnet sind, ist die Pr\u00fcfung bundeseinheitlich. Das bedeutet, dass die Pr\u00fcfung\u00a0Multiple [&hellip;]<\/p>\n","protected":false},"author":1,"featured_media":0,"parent":13,"menu_order":5,"comment_status":"closed","ping_status":"open","template":"","meta":{"footnotes":""},"class_list":["post-36","page","type-page","status-publish","hentry"],"_links":{"self":[{"href":"https:\/\/buerokaufmann24.de\/index.php?rest_route=\/wp\/v2\/pages\/36","targetHints":{"allow":["GET"]}}],"collection":[{"href":"https:\/\/buerokaufmann24.de\/index.php?rest_route=\/wp\/v2\/pages"}],"about":[{"href":"https:\/\/buerokaufmann24.de\/index.php?rest_route=\/wp\/v2\/types\/page"}],"author":[{"embeddable":true,"href":"https:\/\/buerokaufmann24.de\/index.php?rest_route=\/wp\/v2\/users\/1"}],"replies":[{"embeddable":true,"href":"https:\/\/buerokaufmann24.de\/index.php?rest_route=%2Fwp%2Fv2%2Fcomments&post=36"}],"version-history":[{"count":2,"href":"https:\/\/buerokaufmann24.de\/index.php?rest_route=\/wp\/v2\/pages\/36\/revisions"}],"predecessor-version":[{"id":211,"href":"https:\/\/buerokaufmann24.de\/index.php?rest_route=\/wp\/v2\/pages\/36\/revisions\/211"}],"up":[{"embeddable":true,"href":"https:\/\/buerokaufmann24.de\/index.php?rest_route=\/wp\/v2\/pages\/13"}],"wp:attachment":[{"href":"https:\/\/buerokaufmann24.de\/index.php?rest_route=%2Fwp%2Fv2%2Fmedia&parent=36"}],"curies":[{"name":"wp","href":"https:\/\/api.w.org\/{rel}","templated":true}]}}