{"id":34,"date":"2014-03-25T20:36:56","date_gmt":"2014-03-25T18:36:56","guid":{"rendered":"http:\/\/industriekaufmann24.de.w011ba66.kasserver.com\/buerokaufmann24.de\/?page_id=34"},"modified":"2014-06-26T10:19:14","modified_gmt":"2014-06-26T08:19:14","slug":"berufsschule","status":"publish","type":"page","link":"https:\/\/buerokaufmann24.de\/?page_id=34","title":{"rendered":"Berufsschule"},"content":{"rendered":"<p>F\u00fcr den Berufsschulunterricht wurde ein Rahmenlehrplan durch die Kultusministerkonferenz erlassen. Dieser Lehrplan ist Grundlage f\u00fcr die Umsetzung in den einzelnen Bundesl\u00e4ndern.<\/p>\n<p>Der Unterricht erfolgt in so genannten Lerngebieten\/F\u00e4chern, die mit entsprechenden Zeitvorgaben versehen sind:<\/p>\n<table width=\"94%\" border=\"1\" cellspacing=\"0\" cellpadding=\"0\">\n<tbody>\n<tr>\n<td valign=\"top\" width=\"73\">&nbsp;<\/td>\n<td valign=\"top\" width=\"217\">&nbsp;<\/td>\n<td colspan=\"3\" valign=\"top\" width=\"283\">\n<p align=\"center\">Zeitrichtwerte (in Unterrichtsstunden)<\/p>\n<\/td>\n<\/tr>\n<tr>\n<td valign=\"top\" width=\"73\">\n<p align=\"center\">Nr.<\/p>\n<\/td>\n<td valign=\"top\" width=\"217\">\n<p align=\"center\">Lerngebiete<\/p>\n<\/td>\n<td valign=\"top\" width=\"94\">\n<p align=\"center\">1. Jahr<\/p>\n<\/td>\n<td valign=\"top\" width=\"94\">\n<p align=\"center\">2. Jahr<\/p>\n<\/td>\n<td valign=\"top\" width=\"95\">\n<p align=\"center\">3. Jahr<\/p>\n<\/td>\n<\/tr>\n<tr>\n<td valign=\"top\" width=\"73\">\n<p align=\"center\">1<\/p>\n<p>&nbsp;<\/td>\n<td valign=\"top\" width=\"217\">Allgemeine Wirtschaftslehre<\/p>\n<p>u. a. Berufsbildung, Absatzwirtschaft, Beschaffung, Rechtsformen, Wirtschaftspolitik<\/td>\n<td valign=\"top\" width=\"94\">\n<p align=\"center\">80<\/p>\n<p>&nbsp;<\/p>\n<p>&nbsp;<\/td>\n<td valign=\"top\" width=\"94\">\n<p align=\"center\">40<\/p>\n<p>&nbsp;<\/p>\n<p>&nbsp;<\/td>\n<td valign=\"top\" width=\"95\">\n<p align=\"center\">80<\/p>\n<p>&nbsp;<\/td>\n<\/tr>\n<tr>\n<td valign=\"top\" width=\"73\">\n<p align=\"center\">2<\/p>\n<\/td>\n<td valign=\"top\" width=\"217\">Spezielle Wirtschaftslehre<\/p>\n<p>u. a. Arbeitsabl\u00e4ufe, Organisation, Personalwirtschaft,\u00a0Auftragsbearbeitung<\/p>\n<p>&nbsp;<\/td>\n<td valign=\"top\" width=\"94\">\n<p align=\"center\">40<\/p>\n<p>&nbsp;<\/td>\n<td valign=\"top\" width=\"94\">\n<p align=\"center\">80<\/p>\n<p>&nbsp;<\/td>\n<td valign=\"top\" width=\"95\">\n<p align=\"center\">80<\/p>\n<\/td>\n<\/tr>\n<tr>\n<td valign=\"top\" width=\"73\">\n<p align=\"center\">3<\/p>\n<\/td>\n<td valign=\"top\" width=\"217\">Rechnungswesen<\/p>\n<p>u. a. Buchf\u00fchrung, Jahresabschluss, Kostenrechnung, Controlling<\/td>\n<td valign=\"top\" width=\"94\">\n<p align=\"center\">40<\/p>\n<p>&nbsp;<\/td>\n<td valign=\"top\" width=\"94\">\n<p align=\"center\">120<\/p>\n<p>&nbsp;<\/td>\n<td valign=\"top\" width=\"95\">\n<p align=\"center\">120<\/p>\n<p>&nbsp;<\/p>\n<p>&nbsp;<\/td>\n<\/tr>\n<tr>\n<td valign=\"top\" width=\"73\">\n<p align=\"center\">4<\/p>\n<p>&nbsp;<\/td>\n<td valign=\"top\" width=\"217\">Informationsverarbeitung<\/p>\n<p>davon Datenverarbeitung<\/p>\n<p>Textverarbeitung<\/p>\n<p>&nbsp;<\/td>\n<td valign=\"top\" width=\"94\">\n<p align=\"center\">160<\/p>\n<p>&nbsp;<\/td>\n<td valign=\"top\" width=\"94\">\n<p align=\"center\">40<\/p>\n<p>&nbsp;<\/td>\n<td valign=\"top\" width=\"95\">\n<p align=\"center\">&#8211;<\/p>\n<p align=\"center\">(80)<\/p>\n<p align=\"center\">(120)<\/p>\n<p>&nbsp;<\/td>\n<\/tr>\n<tr>\n<td valign=\"top\" width=\"73\">SUMME<\/td>\n<td valign=\"top\" width=\"217\">&nbsp;<\/td>\n<td valign=\"top\" width=\"94\">\n<p align=\"center\">320<\/p>\n<p>&nbsp;<\/td>\n<td valign=\"top\" width=\"94\">\n<p align=\"center\">280<\/p>\n<\/td>\n<td valign=\"top\" width=\"95\">\n<p align=\"center\">280<\/p>\n<\/td>\n<\/tr>\n<\/tbody>\n<\/table>\n<p>Je nach Bundesland und Schule k\u00f6nnen besondere Schwerpunkte oder Erg\u00e4nzungen bestehen.<\/p>\n<p>&nbsp;<\/p>\n<p>Der Unterricht wird meist in Doppel-Unterrichtsstunden\u00a0erteilt, die 90 Minuten lang sind. Methodisch orientiert sich der Unterricht an der so genannten Handlungsorientierung. Damit soll eine sch\u00fcleraktive und ganzheitliche\u00a0Unterrichtsform umgesetzt werden.<br \/>\nWie diese Grundidee jeweils im Unterricht umgesetzt wird, h\u00e4ngt sehr stark vom jeweiligen Lehrer ab.<\/p>\n<p>Beispielsweise wird dann nicht in F\u00e4chern, sondern in Lernfeldern (LF) unterrichtet, (Bsp.: \u201eLF 9: Personal beschaffen und verwalten\u201c). F\u00fcr die Notenfindung werden dann die Lernfelder bestimmten Lernfeldf\u00e4chern zugeordnet (Bsp. f\u00fcr LF 9: Organisation und Personalmanagement).<\/p>\n<p>&nbsp;<\/p>\n<p>&nbsp;<\/p>\n<p>Die Lehrer sind Landesbeamte oder Angestellte. Sie verf\u00fcgen \u00fcber einen Hochschulabschluss und in der Regel das zweite Staatsexamen. Viele Lehrer haben Wirtschaftsp\u00e4dagogik studiert und tragen den akademischen Titel &#8222;Diplom-Handelslehrer&#8220;. Nach einem Vorbereitungsdienst, dem Referendariat, wird das Staatsexamen abgelegt. Nach der Einstellung in den Schuldienst kann dann die Verbeamtung vorgenommen werden. Deutlich wird dieses durch die Bezeichnung &#8222;Studienrat&#8220; (StR).<\/p>\n<p>Leistungskontrollen finden in unterschiedlichen Formen statt: Klassenarbeiten, Referate, Pr\u00e4sentationen und die m\u00fcndlichen Leistungen. Sie werden zu einer Gesamtnote zusammengefasst. F\u00fcr jedes Schul-Halbjahr erh\u00e4lt der Berufssch\u00fcler ein Zeugnis.<\/p>\n<p>Am Ende des letzten Schulblocks bekommen die meisten Auszubildenden ein Abschlusszeugnis. Reichen die Leistungen in der Berufsschule nicht aus, so wird nur ein Abgangszeugnis erstellt.<\/p>\n","protected":false},"excerpt":{"rendered":"<p>F\u00fcr den Berufsschulunterricht wurde ein Rahmenlehrplan durch die Kultusministerkonferenz erlassen. Dieser Lehrplan ist Grundlage f\u00fcr die Umsetzung in den einzelnen Bundesl\u00e4ndern. Der Unterricht erfolgt in so genannten Lerngebieten\/F\u00e4chern, die mit entsprechenden Zeitvorgaben versehen sind: &nbsp; &nbsp; Zeitrichtwerte (in Unterrichtsstunden) Nr. Lerngebiete 1. Jahr 2. Jahr 3. Jahr 1 &nbsp; Allgemeine Wirtschaftslehre u. a. Berufsbildung, Absatzwirtschaft, [&hellip;]<\/p>\n","protected":false},"author":1,"featured_media":0,"parent":13,"menu_order":4,"comment_status":"closed","ping_status":"open","template":"","meta":{"footnotes":""},"class_list":["post-34","page","type-page","status-publish","hentry"],"_links":{"self":[{"href":"https:\/\/buerokaufmann24.de\/index.php?rest_route=\/wp\/v2\/pages\/34","targetHints":{"allow":["GET"]}}],"collection":[{"href":"https:\/\/buerokaufmann24.de\/index.php?rest_route=\/wp\/v2\/pages"}],"about":[{"href":"https:\/\/buerokaufmann24.de\/index.php?rest_route=\/wp\/v2\/types\/page"}],"author":[{"embeddable":true,"href":"https:\/\/buerokaufmann24.de\/index.php?rest_route=\/wp\/v2\/users\/1"}],"replies":[{"embeddable":true,"href":"https:\/\/buerokaufmann24.de\/index.php?rest_route=%2Fwp%2Fv2%2Fcomments&post=34"}],"version-history":[{"count":1,"href":"https:\/\/buerokaufmann24.de\/index.php?rest_route=\/wp\/v2\/pages\/34\/revisions"}],"predecessor-version":[{"id":35,"href":"https:\/\/buerokaufmann24.de\/index.php?rest_route=\/wp\/v2\/pages\/34\/revisions\/35"}],"up":[{"embeddable":true,"href":"https:\/\/buerokaufmann24.de\/index.php?rest_route=\/wp\/v2\/pages\/13"}],"wp:attachment":[{"href":"https:\/\/buerokaufmann24.de\/index.php?rest_route=%2Fwp%2Fv2%2Fmedia&parent=34"}],"curies":[{"name":"wp","href":"https:\/\/api.w.org\/{rel}","templated":true}]}}