{"id":32,"date":"2014-03-25T20:35:57","date_gmt":"2014-03-25T18:35:57","guid":{"rendered":"http:\/\/industriekaufmann24.de.w011ba66.kasserver.com\/buerokaufmann24.de\/?page_id=32"},"modified":"2014-06-26T10:19:14","modified_gmt":"2014-06-26T08:19:14","slug":"inhalte","status":"publish","type":"page","link":"https:\/\/buerokaufmann24.de\/?page_id=32","title":{"rendered":"Inhalte"},"content":{"rendered":"<p>Die Inhalte werden \u00fcber die Ausbildungsordnung festgelegt. Sie decken die Vielfalt kaufm\u00e4nnischer Arbeitsvorg\u00e4nge in den Betrieben ab und vermitteln zudem g\u00e4ngige Arbeitsmethoden.Folgende Inhalte geh\u00f6ren nach der Ausbildungsordnung zum Berufsbild des B\u00fcrokaufmanns:<\/p>\n<p>&nbsp;<\/p>\n<p>1 Der Ausbildungsbetrieb<\/p>\n<p>1.1 Stellung des Ausbildungsbetriebes in der Gesamtwirtschaft<\/p>\n<p>1.2 Berufsbildung<\/p>\n<p>1.3 Arbeitssicherheit, Umweltschutz und rationelle Energieverwendung<\/p>\n<p>2 Organisation und Leistungen<\/p>\n<p>2.1 Leistungserstellung und Leistungsverwertung<\/p>\n<p>2.2 Betriebliche Organisation und Funktionszusammenh\u00e4nge<\/p>\n<p>3 \u00a0B\u00fcrowirtschaft und Statistik<\/p>\n<p>3.1 Organisation des Arbeitsplatzes<\/p>\n<p>3.2 Arbeits- und Organisationsmittel<\/p>\n<p>3.3 B\u00fcrowirtschaftliche Abl\u00e4ufe<\/p>\n<p>3.4 Statistik<\/p>\n<p>4 Informationsverarbeitung<\/p>\n<p>4.1 Textverarbeitung<\/p>\n<p>4.2 B\u00fcrokommunikationstechniken<\/p>\n<p>4.3 Datenverarbeitung f\u00fcr kaufm\u00e4nnische Anwendungen<\/p>\n<p>5 \u00a0Betriebliches Rechnungswesen<\/p>\n<p>5.1 Kaufm\u00e4nnische Steuerung und Kontrolle<\/p>\n<p>5.2 Buchf\u00fchrung<\/p>\n<p>5.3 Kostenrechnung<\/p>\n<p>6 Personalwesen<\/p>\n<p>6.1 Grundlagen des betrieblichen Personalwesens,<\/p>\n<p>6.2 Personalverwaltung<\/p>\n<p>6.3 Entgeltabrechnung<\/p>\n<p>7 B\u00fcroorganisation<\/p>\n<p>8 Auftrags- und Rechnungsbearbeitung, Lagerhaltung<\/p>\n<p>8.1 Auftrags- und Rechnungsbearbeitung<\/p>\n<p>8.2 Lagerhaltung<\/p>\n","protected":false},"excerpt":{"rendered":"<p>Die Inhalte werden \u00fcber die Ausbildungsordnung festgelegt. Sie decken die Vielfalt kaufm\u00e4nnischer Arbeitsvorg\u00e4nge in den Betrieben ab und vermitteln zudem g\u00e4ngige Arbeitsmethoden.Folgende Inhalte geh\u00f6ren nach der Ausbildungsordnung zum Berufsbild des B\u00fcrokaufmanns: &nbsp; 1 Der Ausbildungsbetrieb 1.1 Stellung des Ausbildungsbetriebes in der Gesamtwirtschaft 1.2 Berufsbildung 1.3 Arbeitssicherheit, Umweltschutz und rationelle Energieverwendung 2 Organisation und Leistungen 2.1 [&hellip;]<\/p>\n","protected":false},"author":1,"featured_media":0,"parent":13,"menu_order":3,"comment_status":"closed","ping_status":"open","template":"","meta":{"footnotes":""},"class_list":["post-32","page","type-page","status-publish","hentry"],"_links":{"self":[{"href":"https:\/\/buerokaufmann24.de\/index.php?rest_route=\/wp\/v2\/pages\/32","targetHints":{"allow":["GET"]}}],"collection":[{"href":"https:\/\/buerokaufmann24.de\/index.php?rest_route=\/wp\/v2\/pages"}],"about":[{"href":"https:\/\/buerokaufmann24.de\/index.php?rest_route=\/wp\/v2\/types\/page"}],"author":[{"embeddable":true,"href":"https:\/\/buerokaufmann24.de\/index.php?rest_route=\/wp\/v2\/users\/1"}],"replies":[{"embeddable":true,"href":"https:\/\/buerokaufmann24.de\/index.php?rest_route=%2Fwp%2Fv2%2Fcomments&post=32"}],"version-history":[{"count":1,"href":"https:\/\/buerokaufmann24.de\/index.php?rest_route=\/wp\/v2\/pages\/32\/revisions"}],"predecessor-version":[{"id":33,"href":"https:\/\/buerokaufmann24.de\/index.php?rest_route=\/wp\/v2\/pages\/32\/revisions\/33"}],"up":[{"embeddable":true,"href":"https:\/\/buerokaufmann24.de\/index.php?rest_route=\/wp\/v2\/pages\/13"}],"wp:attachment":[{"href":"https:\/\/buerokaufmann24.de\/index.php?rest_route=%2Fwp%2Fv2%2Fmedia&parent=32"}],"curies":[{"name":"wp","href":"https:\/\/api.w.org\/{rel}","templated":true}]}}