{"id":30,"date":"2014-03-25T20:35:24","date_gmt":"2014-03-25T18:35:24","guid":{"rendered":"http:\/\/industriekaufmann24.de.w011ba66.kasserver.com\/buerokaufmann24.de\/?page_id=30"},"modified":"2014-06-26T10:19:14","modified_gmt":"2014-06-26T08:19:14","slug":"organisation","status":"publish","type":"page","link":"https:\/\/buerokaufmann24.de\/?page_id=30","title":{"rendered":"Organisation"},"content":{"rendered":"<p>Die Ausbildung zum B\u00fcrokaufmann findet im Dualen System der Berufsbildung statt.<br \/>\nDas bedeutet, dass die Ausbildung an zwei Lernorten durchgef\u00fchrt wird. Die praktische Ausbildung findet in den Betrieben statt, der theoretische Teil wird in der Berufsschule absolviert.<\/p>\n<p>In den Betrieben findet die Ausbildung innerhalb der regul\u00e4ren Arbeitszeit statt. Der Ausbildungsbetrieb erstellt einen Ausbildungsplan, der den Durchlauf durch die betrieblichen Bereiche festlegt.<\/p>\n<p>Der Berufsschulteil wird entweder an bestimmten Tagen innerhalb einer Woche oder im so genannten Blockunterricht durchgef\u00fchrt.<br \/>\nIn der Tagesform k\u00f6nnen dabei z. B. zwei Unterrichtstage in einer Woche oder drei Unterrichtstage in zwei Wochen vorgesehen werden.<br \/>\nHier wird zwischen den Schulferien w\u00e4hrend etwa sechs Wochen der Unterricht in einem Block erteilt. Pro Ausbildungsjahr kann man von zwei Bl\u00f6cken ausgehen. Die Auszubildenden werden mit anderen Azubis aus benachbarten Betrieben in gemeinsamen Klassen unterrichtet.<\/p>\n<p>Die Ausbildungsdauer betr\u00e4gt regul\u00e4r drei Jahre, wird aber oft auf zweieinhalb oder sogar zwei Jahre verk\u00fcrzt. F\u00fcr eine Verk\u00fcrzung sind aber bestimmte Voraussetzungen notwendig. Ausbildungsbeginn im Betrieb ist h\u00e4ufig Anfang August oder Anfang September.<\/p>\n<p>Seit dem Jahr 2005 ist es prinzipiell m\u00f6glich, dass Auslandsaufenthalte in den Ausbildungsablauf integriert werden. Nat\u00fcrlich m\u00fcssen die entsprechenden Inhalte in dieser Zeit vermittelt werden.<br \/>\nDie Dauer des Auslandsaufenthaltes soll h\u00f6chstens ein Viertel der in der Ausbildungsordnung festgelegten Ausbildungsdauer betragen. Bei einer dreij\u00e4hrigen Berufsausbildung wird somit ein bis zu neunmonatiger Auslandsaufenthalt prinzipiell m\u00f6glich. Solche Angebote sind allerdings noch eher selten.<\/p>\n","protected":false},"excerpt":{"rendered":"<p>Die Ausbildung zum B\u00fcrokaufmann findet im Dualen System der Berufsbildung statt. Das bedeutet, dass die Ausbildung an zwei Lernorten durchgef\u00fchrt wird. Die praktische Ausbildung findet in den Betrieben statt, der theoretische Teil wird in der Berufsschule absolviert. In den Betrieben findet die Ausbildung innerhalb der regul\u00e4ren Arbeitszeit statt. Der Ausbildungsbetrieb erstellt einen Ausbildungsplan, der den [&hellip;]<\/p>\n","protected":false},"author":1,"featured_media":0,"parent":13,"menu_order":2,"comment_status":"closed","ping_status":"open","template":"","meta":{"footnotes":""},"class_list":["post-30","page","type-page","status-publish","hentry"],"_links":{"self":[{"href":"https:\/\/buerokaufmann24.de\/index.php?rest_route=\/wp\/v2\/pages\/30","targetHints":{"allow":["GET"]}}],"collection":[{"href":"https:\/\/buerokaufmann24.de\/index.php?rest_route=\/wp\/v2\/pages"}],"about":[{"href":"https:\/\/buerokaufmann24.de\/index.php?rest_route=\/wp\/v2\/types\/page"}],"author":[{"embeddable":true,"href":"https:\/\/buerokaufmann24.de\/index.php?rest_route=\/wp\/v2\/users\/1"}],"replies":[{"embeddable":true,"href":"https:\/\/buerokaufmann24.de\/index.php?rest_route=%2Fwp%2Fv2%2Fcomments&post=30"}],"version-history":[{"count":1,"href":"https:\/\/buerokaufmann24.de\/index.php?rest_route=\/wp\/v2\/pages\/30\/revisions"}],"predecessor-version":[{"id":31,"href":"https:\/\/buerokaufmann24.de\/index.php?rest_route=\/wp\/v2\/pages\/30\/revisions\/31"}],"up":[{"embeddable":true,"href":"https:\/\/buerokaufmann24.de\/index.php?rest_route=\/wp\/v2\/pages\/13"}],"wp:attachment":[{"href":"https:\/\/buerokaufmann24.de\/index.php?rest_route=%2Fwp%2Fv2%2Fmedia&parent=30"}],"curies":[{"name":"wp","href":"https:\/\/api.w.org\/{rel}","templated":true}]}}