{"id":28,"date":"2014-03-25T20:32:53","date_gmt":"2014-03-25T18:32:53","guid":{"rendered":"http:\/\/industriekaufmann24.de.w011ba66.kasserver.com\/buerokaufmann24.de\/?page_id=28"},"modified":"2014-06-26T10:19:14","modified_gmt":"2014-06-26T08:19:14","slug":"voraussetzungen","status":"publish","type":"page","link":"https:\/\/buerokaufmann24.de\/?page_id=28","title":{"rendered":"Voraussetzungen"},"content":{"rendered":"<h2><\/h2>\n<p>Im Prinzip kann sich jeder mit einem anerkannten Schulabschluss bewerben.<\/p>\n<p>&nbsp;<\/p>\n<p>Die Nachfrage der Schulabg\u00e4nger nach Ausbildungspl\u00e4tzen ist allerdings hoch, so dass viele Ausbildungsbetriebe bestimmte Mindestvoraussetzungen festlegen.Realsch\u00fcler bekommen dabei mit rund der H\u00e4lfte den gr\u00f6\u00dften Anteil der Ausbildungspl\u00e4tze. Es folgen Schulabg\u00e4nger mit Abitur und dann mit Hauptschulabschluss.<\/p>\n<p>H\u00e4ufig werden akzeptable Leistungen in den Grundlagenf\u00e4chern Deutsch, Mathematik und Englisch erwartet. Gute Umgangsformen, sympathisches Auftreten, Teamf\u00e4higkeit, Engagement und Zuverl\u00e4ssigkeit werden zudem vorausgesetzt.<\/p>\n<p>Die Bewerbung erfolgt bei einem Betrieb, der Ausbildungspl\u00e4tze anbietet. Die Ausbildung zum B\u00fcrokaufmann kann dabei nicht nur in Industrie-, Handel- und Dienstleistungsunternehmen erfolgen, sondern auch in Handwerksbetrieben oder \u00f6ffentlichen Verwaltungen.<\/p>\n<p>In vielen Organisationen und Betrieben ist es \u00fcblich, zun\u00e4chst einen Einstellungstest zu absolvieren. Diese Tests sind sehr unterschiedlich aufgebaut und pr\u00fcfen verschiedene F\u00e4higkeitsbereiche.<\/p>\n<p>Einige f\u00fchren sogar weitere Auswahlverfahren durch, etwa\u00a0ein Vorstellungsgespr\u00e4ch oder eine Gruppendiskussion.<\/p>\n<blockquote dir=\"ltr\">\n<p dir=\"ltr\"><strong>Unser Tipp:<\/strong>\u00a0\u00a0Es ist \u00fcblich, sich ungef\u00e4hr ein Jahr vor dem Ausbildungsbeginn zu bewerben.\u00a0\u00a0Bewerben Sie sich also fr\u00fchzeitig!<\/p>\n<\/blockquote>\n<p>Offene Ausbildungsstellen finden Sie\u00a0bei der Bundesagentur f\u00fcr Arbeit, bei den Lehrstellenb\u00f6rsen der Industrie- und Handelskammern und Handwerkskammern, bei Online-Stellenb\u00f6rsen und in vielen regionalen Tageszeitungen. <a href=\"http:\/\/buerokaufmann24.de\/pageID_8198755.html\">Hierzu mehr &#8230;<\/a><\/p>\n<p>Erfahrungen von aktuellen Azubis zur Ausbildung zum B\u00fcrokaufmann \/ B\u00fcrokauffrau finden Sie unter <a href=\"http:\/\/www.azubister.net\/nn\/40\/Netzwerk\/Buerokauffrau-Buerokaufmann\">Netzwerk B\u00fcrokaufmann \/ B\u00fcrokauffrau <\/a><\/p>\n","protected":false},"excerpt":{"rendered":"<p>Im Prinzip kann sich jeder mit einem anerkannten Schulabschluss bewerben. &nbsp; Die Nachfrage der Schulabg\u00e4nger nach Ausbildungspl\u00e4tzen ist allerdings hoch, so dass viele Ausbildungsbetriebe bestimmte Mindestvoraussetzungen festlegen.Realsch\u00fcler bekommen dabei mit rund der H\u00e4lfte den gr\u00f6\u00dften Anteil der Ausbildungspl\u00e4tze. Es folgen Schulabg\u00e4nger mit Abitur und dann mit Hauptschulabschluss. H\u00e4ufig werden akzeptable Leistungen in den Grundlagenf\u00e4chern Deutsch, [&hellip;]<\/p>\n","protected":false},"author":1,"featured_media":0,"parent":13,"menu_order":1,"comment_status":"closed","ping_status":"open","template":"","meta":{"footnotes":""},"class_list":["post-28","page","type-page","status-publish","hentry"],"_links":{"self":[{"href":"https:\/\/buerokaufmann24.de\/index.php?rest_route=\/wp\/v2\/pages\/28","targetHints":{"allow":["GET"]}}],"collection":[{"href":"https:\/\/buerokaufmann24.de\/index.php?rest_route=\/wp\/v2\/pages"}],"about":[{"href":"https:\/\/buerokaufmann24.de\/index.php?rest_route=\/wp\/v2\/types\/page"}],"author":[{"embeddable":true,"href":"https:\/\/buerokaufmann24.de\/index.php?rest_route=\/wp\/v2\/users\/1"}],"replies":[{"embeddable":true,"href":"https:\/\/buerokaufmann24.de\/index.php?rest_route=%2Fwp%2Fv2%2Fcomments&post=28"}],"version-history":[{"count":1,"href":"https:\/\/buerokaufmann24.de\/index.php?rest_route=\/wp\/v2\/pages\/28\/revisions"}],"predecessor-version":[{"id":29,"href":"https:\/\/buerokaufmann24.de\/index.php?rest_route=\/wp\/v2\/pages\/28\/revisions\/29"}],"up":[{"embeddable":true,"href":"https:\/\/buerokaufmann24.de\/index.php?rest_route=\/wp\/v2\/pages\/13"}],"wp:attachment":[{"href":"https:\/\/buerokaufmann24.de\/index.php?rest_route=%2Fwp%2Fv2%2Fmedia&parent=28"}],"curies":[{"name":"wp","href":"https:\/\/api.w.org\/{rel}","templated":true}]}}